{"id":259,"date":"2016-06-01T10:05:14","date_gmt":"2016-06-01T08:05:14","guid":{"rendered":"http:\/\/www.topseminare.at\/wordpress\/?page_id=259"},"modified":"2026-02-03T14:57:03","modified_gmt":"2026-02-03T13:57:03","slug":"top-ethik","status":"publish","type":"page","link":"https:\/\/www.topseminare.at\/pl\/top-ethik\/","title":{"rendered":"Top-Ethik, Mitverantwortung, Fairness"},"content":{"rendered":"<h1><span style=\"color: #3c775d;\">Die Haltung Ihres Begleiters:<\/span><\/h1>\n<p>&nbsp;<\/p>\n<div class=\"su-row\"><div class=\"su-column su-column-size-1-2 abstand\"><div class=\"su-column-inner su-u-clearfix su-u-trim\">\n<p>Indem auf Ratschl\u00e4ge verzichtet wird, st\u00e4rkt das Gespr\u00e4ch IHRE Kompetenzen.<\/p>\n<ul>\n<li>Ressourcenorientierung: Der Blick auf Kompetenzen, Erfahrungen und Qualit\u00e4ten schafft neuen Handlungsspielraum.<\/li>\n<li>Systemisches Verst\u00e4ndnis: In Beziehungen beeinflussen wir einander und nutzen je nach Kontext unterschiedliche Kompetenzen.<\/li>\n<li>Konstruktivismus: Werte, Gef\u00fchle und Erfahrungen lenken unsere Wahrnehmung und sogar unsere Erinnerungen. Diese k\u00f6nnen sich ver\u00e4ndern, ohne dass uns dies bewusst wird.<\/li>\n<li>Ganzheitlich denken: Beziehungen beinhalten Beides: N\u00e4he + Distanz, \u00d6ffnen + Abgrenzen, Nehmen + Geben. Es entlastet uns, das Sowohl als auch in Ambivalenzen anzuerkennen.<\/li>\n<li>L\u00f6sungsorientierung Der entschiedene Blick auf die erw\u00fcnschte Ver\u00e4nderung st\u00e4rkt Ihre Handlungsf\u00e4higkeit.<\/li>\n<\/ul>\n<\/div><\/div>\n<div class=\"su-column su-column-size-1-2 abstand\"><div class=\"su-column-inner su-u-clearfix su-u-trim\">\n<p><strong>BEHARRLICH ZUVERSICHTLICH<\/strong><br \/>\naus Paul Lahninger: die Melodie des Lebens<\/p>\n<p>Ich lass mir die Hoffnung nicht nehmen<br \/>\nauf eine bessere Welt.<br \/>\nIch lass mich von niemandem l\u00e4hmen,<br \/>\ndem die Kraft zur Verantwortung fehlt.<br \/>\nIch m\u00f6chte der Menschheit vertrauen<br \/>\n(die Schwarzmaler haben geirrt),<br \/>\nwill mit euch eine Zukunft erbauen,<br \/>\ndie fairer und menschlicher wird.<br \/>\nIch will meinen Enkeln erz\u00e4hlen:<br \/>\n\u201eZerst\u00f6rung und Raubbau sind endlich vorbei!\u201c<br \/>\nIch will heute Achtsamkeit w\u00e4hlen,<br \/>\nNatur\u2013nah, vers\u00f6hnlich und frei,<br \/>\n\u2026 ich lass mich von Tr\u00e4umen beseelen.<\/p>\n<\/div><\/div><\/div>\n<p><strong>Everyday for FUTURE<\/strong><\/p>\n<p><iframe loading=\"lazy\" title=\"Fridays Halleluja f\u00fcr eine lebenswerte Welt\" width=\"810\" height=\"456\" src=\"https:\/\/www.youtube.com\/embed\/R0nWulcoGbU?feature=oembed\" frameborder=\"0\" allow=\"accelerometer; autoplay; clipboard-write; encrypted-media; gyroscope; picture-in-picture; web-share\" referrerpolicy=\"strict-origin-when-cross-origin\" allowfullscreen><\/iframe><\/p>\n<a href=\"https:\/\/www.topseminare.at\/pdf\/HALLELUJA%20Fridays%20Text.pdf\" class=\"su-button su-button-style-default\" style=\"color:#FFFFFF;background-color:#3c775d;border-color:#30604b;border-radius:11px\" target=\"_blank\" rel=\"noopener noreferrer\"><span style=\"color:#FFFFFF;padding:9px 28px;font-size:21px;line-height:32px;border-color:#77a08e;border-radius:11px;text-shadow:none\"><i class=\"sui sui-arrow-right\" style=\"font-size:21px;color:#FFFFFF\"><\/i> Text zum Lied als pdf.<\/span><\/a>\n<p>&nbsp;<\/p>\n","protected":false},"excerpt":{"rendered":"<p>Die Haltung Ihres Begleiters: &nbsp; Everyday for FUTURE &nbsp;<\/p>\n<p> <a class=\"continue-reading-link\" href=\"https:\/\/www.topseminare.at\/pl\/top-ethik\/\"><span>weiterlesen<\/span><i class=\"crycon-right-dir\"><\/i><\/a> <\/p>\n","protected":false},"author":1,"featured_media":0,"parent":0,"menu_order":0,"comment_status":"closed","ping_status":"closed","template":"","meta":{"footnotes":""},"class_list":["post-259","page","type-page","status-publish","hentry"],"aioseo_notices":[],"_links":{"self":[{"href":"https:\/\/www.topseminare.at\/pl\/wp-json\/wp\/v2\/pages\/259","targetHints":{"allow":["GET"]}}],"collection":[{"href":"https:\/\/www.topseminare.at\/pl\/wp-json\/wp\/v2\/pages"}],"about":[{"href":"https:\/\/www.topseminare.at\/pl\/wp-json\/wp\/v2\/types\/page"}],"author":[{"embeddable":true,"href":"https:\/\/www.topseminare.at\/pl\/wp-json\/wp\/v2\/users\/1"}],"replies":[{"embeddable":true,"href":"https:\/\/www.topseminare.at\/pl\/wp-json\/wp\/v2\/comments?post=259"}],"version-history":[{"count":46,"href":"https:\/\/www.topseminare.at\/pl\/wp-json\/wp\/v2\/pages\/259\/revisions"}],"predecessor-version":[{"id":2632,"href":"https:\/\/www.topseminare.at\/pl\/wp-json\/wp\/v2\/pages\/259\/revisions\/2632"}],"wp:attachment":[{"href":"https:\/\/www.topseminare.at\/pl\/wp-json\/wp\/v2\/media?parent=259"}],"curies":[{"name":"wp","href":"https:\/\/api.w.org\/{rel}","templated":true}]}}