{"id":249,"date":"2016-06-01T10:03:18","date_gmt":"2016-06-01T08:03:18","guid":{"rendered":"http:\/\/www.topseminare.at\/wordpress\/?page_id=249"},"modified":"2026-02-03T14:56:27","modified_gmt":"2026-02-03T13:56:27","slug":"coachingangebot","status":"publish","type":"page","link":"https:\/\/www.topseminare.at\/pl\/coachingangebot\/","title":{"rendered":"Coachingangebot, Teamcoaching"},"content":{"rendered":"<h1 style=\"color: #3c775d;\">TEAM-ENTWICKLUNG ST\u00c4RKEN<\/h1>\n<p>Herausfordernde und erprobte Fragestellungen unterst\u00fctzen das Team, kreative und passende L\u00f6sungen zu finden &#8211; gut und gerne zusammenzuarbeiten.<\/p>\n<div class=\"video-wrapper\"><iframe src=\"https:\/\/www.youtube.com\/embed\/uzWB-AUxRfw\" allowfullscreen=\"allowfullscreen\"><\/iframe><\/div>\n<p>&nbsp;<\/p>\n<p>Teamentwicklung ist eine wertvolle Investition in freudvolle, engagierte und effektive Zusammenarbeit.<\/p>\n<p>Feedback der F\u00fchrungskraft\u00a0 Margit Koll, Linz<br \/>\nWir sprechen oft von dieser guten Klausur, durch die uns Paul Lahninger hervorragend gef\u00fchrt hat. Die Begeisterung ist noch immer vorhanden: ein gutes Team kann noch verbessert werden.<\/p>\n<p>R\u00fcckmeldung eines Teammitgliedes,\u00a0Kornelia G\u00f6ttfert, Linz<br \/>\nIch hatte fr\u00fcher zu wenig Anerkennung gegeben, so kam auch wenig zur\u00fcck. Bei unserem Teamtag\u00a0 hatten wir daf\u00fcr Zeit und das wirkt gut nach. Vorher dachten manche, wir kommen doch gut miteinander aus und brauchen keine Hilfe, doch jeder hat von dem Tag profitiert.<\/p>\n<p>&nbsp;<\/p>\n<h3 style=\"color: #3c775d;\">Seminare ma\u00dfgeschneidert f\u00fcr Ihre Ziele:<\/h3>\n<p>Power-Workshops, Firmenseminare, Motivation,\u00a0Impulsvortr\u00e4ge\u00a0und Fortbildung f\u00fcr F\u00fchrungskr\u00e4fte und beratende Berufe. Beispiele erfolgreicher Projekte:<\/p>\n<ul>\n<li>beseelt leiten: Werte als Kraftquelle<\/li>\n<li>Coaching-Ausbildung<\/li>\n<li>F\u00fchrungskr\u00e4fte-Entwicklung<\/li>\n<li>Gesund und top-engagiert<\/li>\n<li>Konfliktmanagement<\/li>\n<li>leiten, pr\u00e4sentieren, moderieren<\/li>\n<li>Moderationstraining<\/li>\n<li>Motivation f\u00f6rdern<\/li>\n<li>Selbstmotivation<\/li>\n<li>Train the Trainer<\/li>\n<li>Widerstand als Motivation<\/li>\n<\/ul>\n","protected":false},"excerpt":{"rendered":"<p>TEAM-ENTWICKLUNG ST\u00c4RKEN Herausfordernde und erprobte Fragestellungen unterst\u00fctzen das Team, kreative und passende L\u00f6sungen zu finden &#8211; gut und gerne zusammenzuarbeiten. &nbsp; Teamentwicklung ist eine wertvolle Investition in freudvolle, engagierte und effektive Zusammenarbeit. Feedback der F\u00fchrungskraft\u00a0 Margit Koll, Linz Wir sprechen oft von dieser guten Klausur, durch die uns Paul Lahninger\u2026<\/p>\n<p> <a class=\"continue-reading-link\" href=\"https:\/\/www.topseminare.at\/pl\/coachingangebot\/\"><span>weiterlesen<\/span><i class=\"crycon-right-dir\"><\/i><\/a> <\/p>\n","protected":false},"author":1,"featured_media":0,"parent":0,"menu_order":0,"comment_status":"closed","ping_status":"closed","template":"","meta":{"footnotes":""},"class_list":["post-249","page","type-page","status-publish","hentry"],"aioseo_notices":[],"_links":{"self":[{"href":"https:\/\/www.topseminare.at\/pl\/wp-json\/wp\/v2\/pages\/249","targetHints":{"allow":["GET"]}}],"collection":[{"href":"https:\/\/www.topseminare.at\/pl\/wp-json\/wp\/v2\/pages"}],"about":[{"href":"https:\/\/www.topseminare.at\/pl\/wp-json\/wp\/v2\/types\/page"}],"author":[{"embeddable":true,"href":"https:\/\/www.topseminare.at\/pl\/wp-json\/wp\/v2\/users\/1"}],"replies":[{"embeddable":true,"href":"https:\/\/www.topseminare.at\/pl\/wp-json\/wp\/v2\/comments?post=249"}],"version-history":[{"count":21,"href":"https:\/\/www.topseminare.at\/pl\/wp-json\/wp\/v2\/pages\/249\/revisions"}],"predecessor-version":[{"id":2631,"href":"https:\/\/www.topseminare.at\/pl\/wp-json\/wp\/v2\/pages\/249\/revisions\/2631"}],"wp:attachment":[{"href":"https:\/\/www.topseminare.at\/pl\/wp-json\/wp\/v2\/media?parent=249"}],"curies":[{"name":"wp","href":"https:\/\/api.w.org\/{rel}","templated":true}]}}