{"id":2453,"date":"2024-04-18T11:03:18","date_gmt":"2024-04-18T09:03:18","guid":{"rendered":"https:\/\/www.topseminare.at\/pl\/?page_id=2453"},"modified":"2025-11-04T08:53:23","modified_gmt":"2025-11-04T07:53:23","slug":"erotische-funken","status":"publish","type":"page","link":"https:\/\/www.topseminare.at\/pl\/erotische-funken\/","title":{"rendered":"Erotische Funken"},"content":{"rendered":"<h2>Erotische Funken * gelingende Liebe<\/h2>\n<p>Innsalz Verlag, ISBN: 978-3-903496-16-3,<br \/>\nPreis<span style=\"color: #c10001;\"> \u20ac 18,50<\/span><\/p>\n<h5><span style=\"color: #c10001;\">Erotische Funken * gelingende Liebe<\/span><\/h5>\n<p>Wege zu einer erf\u00fcllenden Beziehung und Liebespoesie in griechischen Liedern<\/p>\n<p>Das Buch bietet vielseitige Anregungen f\u00fcr ein wohltuendes Beisammensein, f\u00fcr Selbstliebe und f\u00fcr erf\u00fcllende Begegnungen. Auch Gedanken \u00fcber Konfliktl\u00f6sung, \u00fcber Liebe als Sucht, faire Trennung und \u00fcber Vers\u00f6hnung k\u00f6nnen Wegweiser sein. Kurze pr\u00e4gnante Abschnitte \u00fcber Liebe sind \u201egew\u00fcrzt\u201c mit \u00dcbersetzungen romantischer Liebeslyrik \u00fcber Sehns\u00fcchte, Zorn, freie Sexualit\u00e4t und \u00fcber das Spiel mit Erotik. Quellen-Hinweise und QR-Codes f\u00fchren zu den Original-Videos dieser Lieder und schenken einen Einblick in eine gef\u00fchlvolle Kultur. Farbfotos aus Griechenland vertiefen den sinnlichen Genuss.<\/p>\n<p>Ein Buch f\u00fcr ruhige Augenblicke, allein oder in Zweisamkeit.<\/p>\n<p><a href=\"https:\/\/cba.media\/666752\" target=\"_blank\" rel=\"noopener\">Lesung und Interview FREIRAD\u2013 cultural broadcasting archive:\u00a0https:\/\/cba.media\/666752<\/a><\/p>\n<p><em>ERSTE LESERSTIMMEN:<\/em><\/p>\n<p><em>\u201eDie erotischen Funken sind ein wahres Schatzkisterl, voll Klarheit, starker Vorbilder und Harmonie.\u201c<\/em><br \/>\nBarbara C. Vogl, Ruhpolding in Bayern<\/p>\n<p><em>\u201eEine Schatztruhe f\u00fcr die F\u00fclle der Liebe.\u00a0Die gelungene Balance zwischen griechischer Poesie und Gedanken f\u00fcr eine dauerhafte Liebesbeziehung macht das Buch so lebendig. Ich lese immer wieder ein Kapitel und lasse mich anregen!\u201c<br \/>\n<\/em>Reinhold Rabenstein, Linz<\/p>\n<p><em>\u201eDie Weitsicht dieser Texte zur Liebe fasziniert mich und hilft mir, mich und andere besser zu verstehen. Der ungew\u00f6hnliche Mix aus Liedtexten, Nachdichtungen, Sachtexten und Fotos ber\u00fchrt mich.\u201c<br \/>\n<\/em>Manfred Winkler, Thalgau<\/p>\n<p><em>\u201eDie einzelnen Texte zum Gro\u00dfthema Liebe sind gut geschrieben, gut aufgebaut und vor allem in einer guten Proportion gehalten sind, mit einem Wort: kein Gramm Fett.\u201c<br \/>\n<\/em>Silvia Bengesser-Scharinger, Germanistin, Uni Salzburg<\/p>\n<p><em>\u201e\u2026super geschrieben, ich nehme viel mit. Auch in die Poesie der Lieder kann ich mich gut hineinversetzen.\u201c<br \/>\n<\/em>Esther D\u00fcrnberger aus Holland<\/p>\n<p>\u201e<em>&#8218;Erotische Funken, Gelingende Liebe&#8216; ist f\u00fcr mich wie eine Bibel f\u00fcr menschliches Zusammenleben.<\/em><br \/>\n<em>Es bietet auch Hilfestellung f\u00fcr scheinbar unl\u00f6sbare Konflikte und wird \u00a0wohltuend bereichert durch Nachdichtung griechischer Lieder und durch wunderbare Bilder. F\u00fcr mich die sch\u00f6nste Abendlekt\u00fcre seit langem!\u201c<\/em><em><br \/>\n<\/em>Elmar Oberhammer, Hallein<\/p>\n<p>&nbsp;<\/p>\n<p><a href=\"https:\/\/www.topseminare.at\/pl\/kontakt\/\">Bestellformular f\u00fcr Interessierte<\/a><\/p>\n<p>&nbsp;<\/p>\n<p><a href=\"https:\/\/www.topseminare.at\/pdf\/blick_funken.pdf\" target=\"_blank\" rel=\"noopener\">Ein Blick ins Buch &#8230;<\/a><\/p>\n","protected":false},"excerpt":{"rendered":"<p>Erotische Funken * gelingende Liebe Innsalz Verlag, ISBN: 978-3-903496-16-3, Preis \u20ac 18,50 Erotische Funken * gelingende Liebe Wege zu einer erf\u00fcllenden Beziehung und Liebespoesie in griechischen Liedern Das Buch bietet vielseitige Anregungen f\u00fcr ein wohltuendes Beisammensein, f\u00fcr Selbstliebe und f\u00fcr erf\u00fcllende Begegnungen. Auch Gedanken \u00fcber Konfliktl\u00f6sung, \u00fcber Liebe als Sucht,\u2026<\/p>\n<p> <a class=\"continue-reading-link\" href=\"https:\/\/www.topseminare.at\/pl\/erotische-funken\/\"><span>weiterlesen<\/span><i class=\"crycon-right-dir\"><\/i><\/a> <\/p>\n","protected":false},"author":1,"featured_media":0,"parent":0,"menu_order":0,"comment_status":"closed","ping_status":"closed","template":"","meta":{"footnotes":""},"class_list":["post-2453","page","type-page","status-publish","hentry"],"aioseo_notices":[],"_links":{"self":[{"href":"https:\/\/www.topseminare.at\/pl\/wp-json\/wp\/v2\/pages\/2453","targetHints":{"allow":["GET"]}}],"collection":[{"href":"https:\/\/www.topseminare.at\/pl\/wp-json\/wp\/v2\/pages"}],"about":[{"href":"https:\/\/www.topseminare.at\/pl\/wp-json\/wp\/v2\/types\/page"}],"author":[{"embeddable":true,"href":"https:\/\/www.topseminare.at\/pl\/wp-json\/wp\/v2\/users\/1"}],"replies":[{"embeddable":true,"href":"https:\/\/www.topseminare.at\/pl\/wp-json\/wp\/v2\/comments?post=2453"}],"version-history":[{"count":16,"href":"https:\/\/www.topseminare.at\/pl\/wp-json\/wp\/v2\/pages\/2453\/revisions"}],"predecessor-version":[{"id":2540,"href":"https:\/\/www.topseminare.at\/pl\/wp-json\/wp\/v2\/pages\/2453\/revisions\/2540"}],"wp:attachment":[{"href":"https:\/\/www.topseminare.at\/pl\/wp-json\/wp\/v2\/media?parent=2453"}],"curies":[{"name":"wp","href":"https:\/\/api.w.org\/{rel}","templated":true}]}}