{"id":2390,"date":"2023-07-12T10:12:47","date_gmt":"2023-07-12T08:12:47","guid":{"rendered":"https:\/\/www.topseminare.at\/pl\/?page_id=2390"},"modified":"2025-03-04T11:27:26","modified_gmt":"2025-03-04T10:27:26","slug":"microseminare","status":"publish","type":"page","link":"https:\/\/www.topseminare.at\/pl\/microseminare\/","title":{"rendered":"Microseminare von Paul Lahninger"},"content":{"rendered":"<h1>Microseminare 3 bis 5 Minuten<\/h1>\n<p>f\u00fcr Lebensqualit\u00e4t und Coaching-Kompetenz<\/p>\n<p>&nbsp;<\/p>\n<p><strong>COACHING-KOMPETENZ<br \/>\n<\/strong>(auch f\u00fcr Selbst-Coaching und F\u00fchrung)<\/p>\n<ul>\n<li><a href=\"https:\/\/youtu.be\/Ay05INvogtY\" target=\"_blank\" rel=\"noopener\">Beziehungen als Wechselspiel<\/a><\/li>\n<li><a href=\"https:\/\/youtu.be\/ecj5l8BGhs0\" target=\"_blank\" rel=\"noopener\">Entscheidungen coachen<\/a><\/li>\n<li><a href=\"https:\/\/youtu.be\/qjsONQbvRC0\" target=\"_blank\" rel=\"noopener\">Konstruktivismus und Selbstwert<\/a><\/li>\n<li><a href=\"https:\/\/youtu.be\/Nl5YCiCg8RQ\" target=\"_blank\" rel=\"noopener\">L\u00f6sungsorientiert begleiten<\/a><\/li>\n<li><a href=\"https:\/\/youtu.be\/2flt_HcXVA4\" target=\"_blank\" rel=\"noopener\">L\u00f6sungsfokussiert: Erw\u00fcnschtes st\u00e4rken<\/a><\/li>\n<li><a href=\"https:\/\/youtu.be\/uzWB-AUxRfw\" target=\"_blank\" rel=\"noopener\">Teams begleiten<\/a><\/li>\n<li><a href=\"https:\/\/youtu.be\/ynl4TPz0Q0U\" target=\"_blank\" rel=\"noopener\">Stimmungen sind bestimmend<\/a><\/li>\n<li><a href=\"https:\/\/youtu.be\/5NgbcGiHCWo\" target=\"_blank\" rel=\"noopener\">Qualit\u00e4t eines Problems<\/a><\/li>\n<li><a href=\"https:\/\/youtu.be\/abXSSgxIQQc\">Motivierend f\u00fchren &#8211; trotz Widerstand<\/a><\/li>\n<\/ul>\n<p>&nbsp;<\/p>\n<p><strong>F\u00dcHRUNGSKOMPETENZ<\/strong><\/p>\n<ul>\n<li><a href=\"https:\/\/youtu.be\/Ay05INvogtY\" target=\"_blank\" rel=\"noopener\">Beziehungen im Wechselspiel<\/a><\/li>\n<li><a href=\"https:\/\/youtu.be\/uzWB-AUxRfw\" target=\"_blank\" rel=\"noopener\">Teams begleiten<\/a><\/li>\n<li><a href=\"https:\/\/youtu.be\/Gg-KOrh-Xhg\" target=\"_blank\" rel=\"noopener\">Gruppen-Status: wer lacht?<\/a><\/li>\n<li><a href=\"https:\/\/youtu.be\/ynl4TPz0Q0U\" target=\"_blank\" rel=\"noopener\">Stimmungen sind bestimmend<\/a><\/li>\n<li><a href=\"https:\/\/youtu.be\/abXSSgxIQQc?si=Z4RSExVVEMANRpJY\">F\u00fchren motivierend trotz Widerstand<\/a><\/li>\n<\/ul>\n<p>&nbsp;<\/p>\n<p><strong>KONFLIKTE L\u00d6SEN<\/strong><\/p>\n<ul>\n<li><a href=\"https:\/\/youtu.be\/u-5vU_UVbmI\" target=\"_blank\" rel=\"noopener\">Konflikt-L\u00f6sungs-Kompetenz<\/a><\/li>\n<li><a href=\"https:\/\/youtu.be\/e8uPV5Ic4kQ\" target=\"_blank\" rel=\"noopener\">Konflikte als Lernimpulse<\/a><\/li>\n<li><a href=\"https:\/\/youtu.be\/d4fhGYQWMfI\" target=\"_blank\" rel=\"noopener\">Konflikte l\u00f6sen ist gesund<\/a><\/li>\n<li><a href=\"https:\/\/youtu.be\/pE8BW8DOtnY\" target=\"_blank\" rel=\"noopener\">Konflikt-Stress entlasten<\/a><\/li>\n<li><a href=\"https:\/\/youtu.be\/TRyjN7FPuqU\" target=\"_blank\" rel=\"noopener\">Liebe braucht Streit<\/a><\/li>\n<\/ul>\n<p>&nbsp;<\/p>\n<p><strong>SELBST-COACHING<\/strong><\/p>\n<ul>\n<li><a href=\"https:\/\/youtu.be\/X35Kla3kPxk\" target=\"_blank\" rel=\"noopener\">Anders denken<\/a><\/li>\n<li><a href=\"https:\/\/youtu.be\/EOO3S__IAPw\" target=\"_blank\" rel=\"noopener\">Beseelt leben<\/a><\/li>\n<li><a href=\"https:\/\/youtu.be\/RNMsjDFkshk\" target=\"_blank\" rel=\"noopener\">Durch Fehler ans Ziel<\/a><\/li>\n<li><a href=\"https:\/\/youtu.be\/X-uHtUa-3hE\" target=\"_blank\" rel=\"noopener\">Das Gehirn will lernen<\/a><\/li>\n<li><a href=\"https:\/\/youtu.be\/7SxpGwt-5Nk\" target=\"_blank\" rel=\"noopener\">Gsund-heut<\/a><\/li>\n<li><a href=\"https:\/\/youtu.be\/XTBeYXCEhzU\" target=\"_blank\" rel=\"noopener\">Kreative L\u00f6sungen: sowohl als auch<\/a><\/li>\n<li><a href=\"https:\/\/youtu.be\/1AhABxPZsRI\" target=\"_blank\" rel=\"noopener\">Mein Leben bejahen<\/a><\/li>\n<li><a href=\"https:\/\/youtu.be\/VOUYFYqI_b4\" target=\"_blank\" rel=\"noopener\">Motiv-action ist gesund<\/a><\/li>\n<li><a href=\"https:\/\/youtu.be\/tGyjCWE2iKs\" target=\"_blank\" rel=\"noopener\">Offen f\u00fcr das Heute<\/a><\/li>\n<li><a href=\"https:\/\/youtu.be\/XkENTd6NBNc\" target=\"_blank\" rel=\"noopener\">Placebo-Schlaf-Ressourcen-Orientierung<\/a><\/li>\n<li><a href=\"https:\/\/youtu.be\/5NgbcGiHCWo\" target=\"_blank\" rel=\"noopener\">Qualit\u00e4t eines Problems<\/a><\/li>\n<li><a href=\"https:\/\/youtu.be\/NX8Q5gM2cGI\" target=\"_blank\" rel=\"noopener\">Selbstbild entwickeln<\/a><\/li>\n<li><a href=\"https:\/\/youtu.be\/7Vc-3gsOcmw\">Wohlstand gewinnen<\/a><\/li>\n<li><a href=\"https:\/\/youtu.be\/_CS6IhnUQ1U\">Selbststeuerung schenkt Freiheit<\/a><\/li>\n<\/ul>\n<p><strong>\u00a0<\/strong><\/p>\n<p><strong>LIEBESBEZIEHUNG LEBEN<\/strong><\/p>\n<ul>\n<li><a href=\"https:\/\/youtu.be\/JRL9vXmWc98\" target=\"_blank\" rel=\"noopener\">Beziehung als Rinnsal<\/a><\/li>\n<li><a href=\"https:\/\/youtu.be\/61B-uHt9fzE\" target=\"_blank\" rel=\"noopener\">Macht Liebe blind oder sehend?<\/a><\/li>\n<li><a href=\"https:\/\/youtu.be\/ky_gff2bTvU\" target=\"_blank\" rel=\"noopener\">Liebe fordert<\/a><\/li>\n<li><a href=\"https:\/\/youtu.be\/aiX8XTdsIjY\" target=\"_blank\" rel=\"noopener\">Liebe und Sucht<\/a><\/li>\n<li><a href=\"https:\/\/youtu.be\/2EsDhLaJ91w\" target=\"_blank\" rel=\"noopener\">Liebe lernen<\/a><\/li>\n<li><a href=\"https:\/\/youtu.be\/mRBID_719VQ\">Liebe ist Arbeit<\/a><\/li>\n<li><a href=\"https:\/\/youtu.be\/wQIEtfcPinw\">Liebe als Fremdsprache<\/a><\/li>\n<li><a href=\"https:\/\/youtu.be\/TRyjN7FPuqU\" target=\"_blank\" rel=\"noopener\">Liebe braucht Streit<\/a><\/li>\n<li><a href=\"https:\/\/youtu.be\/fcM9eGFdKCg?si=ajCOgWO7C2smKXJz\">Liebe braucht Vers\u00f6hnung<\/a><\/li>\n<li><a href=\"https:\/\/youtu.be\/wTxaiuruTq0\">Liebe ist riskant<\/a><\/li>\n<\/ul>\n<p>&nbsp;<\/p>\n<p><strong>DIE MELODIE DES LEBENS<\/strong><\/p>\n<ul>\n<li><a href=\"https:\/\/youtu.be\/GTnVDqty1iM\">Hast du gelernt zu lieben<\/a><\/li>\n<li><a href=\"https:\/\/youtu.be\/18oVyp1CB0s\">Willkommen mein Freund<\/a><\/li>\n<li><a href=\"https:\/\/youtu.be\/r1JXMG3hz4Y\">St\u00fcckwerk der Liebe (Pr\u00e4sentation auf der Buchmesse Leipzig)<\/a><\/li>\n<\/ul>\n<p>&nbsp;<\/p>\n","protected":false},"excerpt":{"rendered":"<p>Microseminare 3 bis 5 Minuten f\u00fcr Lebensqualit\u00e4t und Coaching-Kompetenz &nbsp; COACHING-KOMPETENZ (auch f\u00fcr Selbst-Coaching und F\u00fchrung) Beziehungen als Wechselspiel Entscheidungen coachen Konstruktivismus und Selbstwert L\u00f6sungsorientiert begleiten L\u00f6sungsfokussiert: Erw\u00fcnschtes st\u00e4rken Teams begleiten Stimmungen sind bestimmend Qualit\u00e4t eines Problems Motivierend f\u00fchren &#8211; trotz Widerstand &nbsp; F\u00dcHRUNGSKOMPETENZ Beziehungen im Wechselspiel Teams begleiten Gruppen-Status:\u2026<\/p>\n<p> <a class=\"continue-reading-link\" href=\"https:\/\/www.topseminare.at\/pl\/microseminare\/\"><span>weiterlesen<\/span><i class=\"crycon-right-dir\"><\/i><\/a> <\/p>\n","protected":false},"author":1,"featured_media":0,"parent":0,"menu_order":0,"comment_status":"closed","ping_status":"closed","template":"","meta":{"footnotes":""},"class_list":["post-2390","page","type-page","status-publish","hentry"],"aioseo_notices":[],"_links":{"self":[{"href":"https:\/\/www.topseminare.at\/pl\/wp-json\/wp\/v2\/pages\/2390","targetHints":{"allow":["GET"]}}],"collection":[{"href":"https:\/\/www.topseminare.at\/pl\/wp-json\/wp\/v2\/pages"}],"about":[{"href":"https:\/\/www.topseminare.at\/pl\/wp-json\/wp\/v2\/types\/page"}],"author":[{"embeddable":true,"href":"https:\/\/www.topseminare.at\/pl\/wp-json\/wp\/v2\/users\/1"}],"replies":[{"embeddable":true,"href":"https:\/\/www.topseminare.at\/pl\/wp-json\/wp\/v2\/comments?post=2390"}],"version-history":[{"count":19,"href":"https:\/\/www.topseminare.at\/pl\/wp-json\/wp\/v2\/pages\/2390\/revisions"}],"predecessor-version":[{"id":2502,"href":"https:\/\/www.topseminare.at\/pl\/wp-json\/wp\/v2\/pages\/2390\/revisions\/2502"}],"wp:attachment":[{"href":"https:\/\/www.topseminare.at\/pl\/wp-json\/wp\/v2\/media?parent=2390"}],"curies":[{"name":"wp","href":"https:\/\/api.w.org\/{rel}","templated":true}]}}