{"id":237,"date":"2016-06-01T10:00:41","date_gmt":"2016-06-01T08:00:41","guid":{"rendered":"http:\/\/www.topseminare.at\/wordpress\/?page_id=237"},"modified":"2025-11-04T08:47:14","modified_gmt":"2025-11-04T07:47:14","slug":"reise-zur-loesung","status":"publish","type":"page","link":"https:\/\/www.topseminare.at\/pl\/reise-zur-loesung\/","title":{"rendered":"Reise zur L\u00f6sung"},"content":{"rendered":"<h2>Reise zur L\u00f6sung<\/h2>\n<p>Coaching-Kompetenz f\u00fcr Beratung, Teamentwicklung, F\u00fchrung und Lehrt\u00e4tigkeit.<\/p>\n<p>384 Seiten mit Praxisbeispielen, methodischen Leitf\u00e4den und direkt einsetzbaren Kopiervorlagen, mit Zugangscode zum Download von pdf-Arbeitsbehelfen.\u00a0<a href=\"https:\/\/www.managerseminare.de\/tb\/tb-8016\">https:\/\/www.managerseminare.de\/tb\/tb-8016<\/a><\/p>\n<p>Rezension \u00d61<\/p>\n<audio class=\"wp-audio-shortcode\" id=\"audio-237-1\" preload=\"none\" style=\"width: 100%;\" controls=\"controls\"><source type=\"audio\/mpeg\" src=\"https:\/\/www.topseminare.at\/pl\/wp-content\/uploads\/2016\/08\/wissenaktuell.mp3?_=1\" \/><a href=\"https:\/\/www.topseminare.at\/pl\/wp-content\/uploads\/2016\/08\/wissenaktuell.mp3\">https:\/\/www.topseminare.at\/pl\/wp-content\/uploads\/2016\/08\/wissenaktuell.mp3<\/a><\/audio>\n<p>Manager Seminare, 3. Auflage, 2018, ISBN: 978-3-941965-00-3, Preis \u20ac 51,70 \/ Sonderpreis f\u00fcr Newsletter-Abonnenten \u20ac 44,&#8211; Aktion: In \u00d6sterreich versandkostenfrei, im Ausland bitten wir die Portokosten zu \u00fcbernehmen.<\/p>\n<p>Dieses Buch f\u00fchrt Sie durch <strong>7 Reiseetappen<\/strong>:<\/p>\n<ol>\n<li>Etappe &#8211; <strong>Coaching als Haltung<br \/>\n<\/strong>Systemische Thesen unterst\u00fctzen die Werthaltung des Zutrauens als Beitrag f\u00fcr Weiterentwicklung.<strong><br \/>\n<\/strong><\/li>\n<\/ol>\n<ol start=\"2\">\n<li>Etappe &#8211; <strong>Coaching als Kompetenz<br \/>\n<\/strong>Feinarbeit der Gespr\u00e4chsf\u00fchrung im Fragen und Zuh\u00f6ren bereichert die L\u00f6sungsfindung und st\u00e4rkt Beteiligte.<strong><br \/>\n<\/strong><\/li>\n<\/ol>\n<ol start=\"3\">\n<li>Etappe &#8211; <strong>Coaching als Prozess<br \/>\n<\/strong>Bew\u00e4hrte Leitf\u00e4den f\u00fcr vielseitige Themenanliegen stehen als Frage-Designs zur Verf\u00fcgung.<strong><br \/>\n<\/strong><\/li>\n<\/ol>\n<ol start=\"4\">\n<li>Etappe &#8211; <strong>Teams coachen &#8211; Teamentwicklung f\u00f6rdern<br \/>\n<\/strong>Erfolgreiche Praxisbeispiele und Methoden f\u00f6rdern Teamqualit\u00e4t und Entscheidungsprozesse.<strong><br \/>\n<\/strong><\/li>\n<\/ol>\n<ol start=\"5\">\n<li>Etappe &#8211; <strong>Konfliktbearbeitung begleiten<br \/>\n<\/strong>Bilder von L\u00f6sungswegen sind hilfreich f\u00fcr Konflikt-L\u00f6sung und Vers\u00f6hnung sowie f\u00fcr die eigene Konfliktkompetenz.<strong><br \/>\n<\/strong><\/li>\n<\/ol>\n<ol start=\"6\">\n<li>Etappe &#8211; <strong>Kompetenz f\u00fcr jedes Setting &#8211; Praxisbeispiele vielseitiger Umsetzung<br \/>\n<\/strong>Erfahrungsberichte laden ein, im individuellen Umfeld wirksam zu begleiten und Eigenverantwortung zuzumuten.<strong><br \/>\n<\/strong><\/li>\n<\/ol>\n<ol start=\"7\">\n<li>Etappe &#8211; <strong>Beseelt leiten &#8211; Aspekte der Seele<br \/>\n<\/strong>Metaphern und pers\u00f6nliche Erfahrungen des Autors regen an, Menschenbilder und Sinnorientierung zu reflektieren um sich &#8222;beseelt&#8220; zuzuwenden.<strong><br \/>\n<\/strong><\/li>\n<\/ol>\n<p>&nbsp;<\/p>\n<h4>Qualit\u00e4tsmerkmale<\/h4>\n<p><!--more--><\/p>\n<p><strong>Coachingkompetenz f\u00fcr Beratung, Teamentwicklung, F\u00fchrung und Lehrt\u00e4tigkeit<br \/>\n<\/strong>Das Werk bietet sehr konkrete praktische Hilfen: Designs, Leitf\u00e4den, Tipps, Ideen, methodische Konzepte und erfolgreiche Praxisbeispiele f\u00fcr die Weiterentwicklung der pers\u00f6nlichen Coaching-Kompetenz, um Gespr\u00e4che in unterschiedlichsten Praxissituationen wertorientiert zu gestalten und Beteiligte bei autonomer L\u00f6sungsfindung zu unterst\u00fctzen.<\/p>\n<p><strong>Zum Nachschlagen<br \/>\n<\/strong>Die Ideen und Methoden sind wie in einem Nachschlagewerk rasch auffindbar und k\u00f6nnen unmittelbar umgesetzt und zum Teil auch als einseitige Kopiervorlagen verwendet werden.<\/p>\n<p><strong>Direkt umsetzbar<br \/>\n<\/strong>Diese Arbeitsbl\u00e4tter, Checklisten, Leitf\u00e4den f\u00fcr die Vorbereitung, sind auch bestens als Arbeitsmaterialien in der Fortbildung, sowie f\u00fcr die pers\u00f6nliche Reflexion im Selbstcoaching geeignet: Ein Arbeitsbuch f\u00fcr vielseitige Umsetzung in der Arbeit mit Menschen.<\/p>\n<p><strong>In Wertorientierung<br \/>\n<\/strong>Alle Beitr\u00e4ge sind getragen von einem sehr pers\u00f6nlichen, wertsch\u00e4tzenden und lebendigen Zugang zum Thema, unterst\u00fctzt auch durch Thesen zum Verst\u00e4ndnis menschlicher Entwicklung und seelischer Grundbed\u00fcrfnisse.<\/p>\n<p><strong>Maximal praxisorientiert<br \/>\n<\/strong>Authentische, gut nachvollziehbare Praxisbeispiele aus unterschiedlichsten Arbeitsbereichen, von der Kurzintervention bis zum mehrt\u00e4gigen Teamentwicklungsprozess regen an, die Qualittauml;t des coachenden Begleitens auch im eigenen Anwendungsbereich zu nutzen.<\/p>\n<p><strong>Vielf\u00e4ltig<br \/>\n<\/strong>Die Reise zur L\u00f6sung bietet: kreative, lebendige, liebevolle Darstellung, mit Grafiken, Fotos, Tabellen und Metaphern. In \u00fcbersichtlicher Struktur.<\/p>\n<p><strong>Fundiert<br \/>\n<\/strong>Verst\u00e4ndnis von Ver\u00e4nderungsprozessen beinhaltet systemische Haltungen, insbesondere Wertsch\u00e4tzung, Zuversicht, L\u00f6sungsorientierung und die Aufmerksamkeit auf Ressourcen als Grundlage f\u00fcr wirksame Begleitung von Entscheidungsfindung, Konfliktl\u00f6sung und pers\u00f6nlicher Weiterentwicklung. Auf vergleichbare Ans\u00e4tze von Steve de Shazer, Sonja Radatz und Werner Vogelauer wird entsprechend hingewiesen.<\/p>\n<p><strong>Ganzheitlich<br \/>\n<\/strong>Orientierung an Eigenverantwortung auch in ihrer politischen und hochaktuellen \u00f6kologischen Dimension ist eines der wesentlichen Anliegen des Autors: Diese Qualit\u00e4t wird bedeutsam in Selbstorganisation, Beziehungsgestaltung, Teamentwicklung und als Aspekt von Zivilcourage. Diese Zusammenh\u00e4nge stellt der Autor in einem spirituell orientierten Menschbild dar. Ganzheitliche Sicht beinhaltet das bewusste Beachten von Grenzen, die aufrichtig und pers\u00f6nlich deklariert werden.<\/p>\n<p><strong>Zielgruppen: gleicherma\u00dfen interessant zum Einsteigen, wie auch f\u00fcr Profis in<br \/>\n<\/strong><\/p>\n<ul>\n<li>Coaching, Psychotherapie, Supervision, Mediation, Teamentwicklung, Moderation, Lebens und Sozialberatung<\/li>\n<li>Beratende z.B. in Berufsorientierung, Elternberatung, Unternehmensberatung, Arztgespr\u00e4chen<\/li>\n<li>F\u00fchrungskr\u00e4fte<\/li>\n<li>Lehre und Ausbildung: Training, Schule, innerbetriebliche Ausbildung<\/li>\n<li>alle die sich beruflich oder privat intensiver mit Kommunikation befassen wollen<\/li>\n<\/ul>\n<p>&nbsp;<\/p>\n<h4>Rezensionen und R\u00fcckmeldungen zum Buch &#8222;Reise zur L\u00f6sung&#8220;<\/h4>\n<p><!--more--><\/p>\n<p>Paul Lahninger beschreibt Coaching-Kompetenz als Zuh\u00f6ren in Wertsch\u00e4tzung, Zuversicht und L\u00f6sungsorientierung. Diese Sichtweise und viele Praxisbeispiele machen &#8222;Reise zur L\u00f6sung&#8220; zu einem wertvollen Buch, das Beim Lesen ein wohliges Gef\u00fchl der Gelassenheit entstehen l\u00e4sst.<br \/>\n<strong>Martin Haidinger, ORF Wien, Redaktion \u00d61<\/strong><\/p>\n<p>&#8222;Reise zur L\u00f6sung&#8220; ist eine Schatzkiste! In meinem Arbeitskreis machte sich Resignation breit, eine Krisensitzung stand an. In der Vorbereitung arbeitete ich mich in die \u201eReise zur L\u00f6sung\u201c ein und gestaltete die Sitzung nach Tipps von Paul Lahninger. Bald stand unser Stimmungsbarometer wieder auf HOCH und wir schafften ein gro\u00dfes JA von ALLEN 12 AkteurInnen zu unseren Projekten, inklusive Terminplan und Aufgabenverteilung! Ich bin entlastet und die Arbeiten schreiten z\u00fcgig voran. Danke, f\u00fcr diese Schatzkiste!<br \/>\n<strong>Maga. Ulrike Riebenbauer<\/strong><\/p>\n<p>Ein komprimierter, inspirierender, f\u00fcr die Praxis geschriebener Ideenlieferant, mit vielen konkreten Anwendungshilfen, Leitf\u00e4den und Formulierungsbeispielen, die zum \u201eSpiel mit Methoden\u201c einladen. In dutzenden 300-seitigen Fachb\u00fcchern finde ich, dass sich der praktische Nutzen und die Kernaussagen auf 30 Seiten verdichten lie\u00dfen. Ganz anders das Buch &#8222;Reise zur L\u00f6sung&#8220;: \u00dcbersichtlich, kurz und knackig in den Aussagen und dennoch ausreichend klar, mit etwas Vorwissen leicht verst\u00e4ndlich, sind alle 300 Seiten mit einem ausgesprochen hohen Praxisbezug gef\u00fcllt! Meine Empfehlung an TrainerInnen, Coaches, BeraterInnen: Anstatt wie bisher mit 5-10 B\u00fcchern, fahre ich seit dem Kauf dieses Buches mit nur mehr EINEM Buch zu meinen Seminaren, Workshops und Coachings: mit der &#8222;Reise zur L\u00f6sung&#8220;<br \/>\n<strong>Martin Battig, | beratung training coaching<\/strong><b> <a class=\"gruenertext\" href=\"http:\/\/www.battig.at\/\" target=\"_blank\" rel=\"nolink noopener noreferrer\">www.battig.at<\/a><\/b><\/p>\n<p>Ich bin begeistert von Ihrem Buch &#8211; ausf\u00fchrlich, fundiert, inspirierend und mit gro\u00dfem Transferwert.<br \/>\n<strong>Jack Rietiker, Schweiz<\/strong><\/p>\n<p>Dieses Buch liefert sehr konkrete praktische Hilfen, Arbeitsbl\u00e4tter und Checklisten, um Coaching-Prozesse wertsch\u00e4tzend und zielf\u00fchrend zu unterst\u00fctzen. Gleichzeitig vermittelt es ein tiefes Verst\u00e4ndnis davon, warum Haltung und Menschenbild die tragenden Fundamente f\u00fcr die erfolgreiche Begleitung von L\u00f6sungsfindung darstellen. So finden Interessierte viele Handreichungen, um das eigene Tun selbstkritisch zu reflektieren und die eigene Coaching-Kompetenz st\u00e4ndig weiterzuentwickeln.<br \/>\n<strong>MagazinTraining, Nr. 5\/10, Verlag Wirl, Christine Wirl<\/strong><\/p>\n<p>\u00dcberaus spannend und interessant, in hohem Ma\u00df praxisorientiert, ansprechend, einbeziehend, gut umsetzbar. Ein gelungenes, kompetentes Fachbuch.<br \/>\n<strong>Hauke Wagner, Verlagsleiterin, Gelnhausen<\/strong><b>, <a class=\"gruenertext\" href=\"http:\/\/www.wagner-verlag.de\/\" target=\"_blank\" rel=\"nolink noopener noreferrer\">www.wagner-verlag.de<\/a><\/b><\/p>\n<p>Ein wichtiges Grundlagenwerk f\u00fcr Coaching. Man merkt es schnell, hier berichtet ein absoluter Profi aus seiner Schatzkiste nicht nur \u00fcber das Gelungene, auch \u00fcber seine eigenen Fehler. Paul Lahninger sorgt detailliert daf\u00fcr, dass sich Coaching-Kompetenz entwickeln kann und das sehr abwechslungsreich und mit Spa\u00df an der Sache. Selten habe ich ein so gut gestaltetes lehrbuch in H\u00e4nden halten d\u00fcrfen. Lernen am positiven Beispiel eben und Herausforderungen f\u00fcr eigene Auseinandersetzung gehen hier Hand in Hand.<br \/>\n<strong>Dirk Hirsekom<\/strong><b>, <a class=\"gruenertext\" href=\"http:\/\/www.mwonline.de\/\" target=\"_blank\" rel=\"nolink noopener noreferrer\">www.MWonline.de<\/a><\/b><\/p>\n<p>Ich bin begeistert! Mir gef\u00e4llt dass die Themen differenziert, sorgf\u00e4ltig und achtsam behandelt werden. Die konstruktive, l\u00f6sungsfokussierte Haltung bildet stringent den roten Faden durch die Kapitel. Das Wichtigste ist auf verst\u00e4ndliche Art auf den Punkt gebracht und der Transfer in die Praxis gelingt m\u00fchelos. Kurz und b\u00fcndig: Bravo f\u00fcr dieses Werk!<br \/>\n<strong>Susanne J\u00e4ggi, Consultant Z\u00fcrich<\/strong><\/p>\n<p>Ein Werk, das bei Lebensfragen Hilfe verspricht ohne Ratschl\u00e4ge zu geben: Selbst- und Fremd-Coaching f\u00fcr individuelle L\u00f6sungen und Entscheidungen. Paul Lahninger bietet Coaching-Kompetenz \u2026 und stellt gemeinsam mit dem Logiker Matthias Varga von Kibed die Frage: &#8222;Bin ich Coach? \u2013 Sollten Sie derzeit meinen, Sie w\u00e4ren kein Coach, so erlaube ich mir, weiterzufragen: woher wissen Sie das? &#8211; Mit hoher Wahrscheinlichkeit leben Sie Kompetenzen, die n\u00fctzlich sind, um eigenverantwortliche L\u00f6sungen zu entdecken\u2026&#8220;<br \/>\nDie REISE ZUR L\u00d6SUNG regt an zu vielseitiger Pers\u00f6nlichkeitsentwicklung und bewusster Wertorientierung, denn, so betont der Autor: &#8222;Zwischen Haltung und gelebter Kompetenz besteht eine Wechselwirkung.&#8220;<br \/>\n<strong>Bernhard Madlener, derStandard, 15.Mai 2010<\/strong><\/p>\n<p>Es ist ein wichtiges Grundlagenwerk f\u00fcr Coaching, das Paul Lahninger hier vorlegt. Selten habe ich ein so gut gestaltetes Lehrbuch in H\u00e4nden halten d\u00fcrfen.<br \/>\n<strong>Ausf\u00fchrliche Rezension mit H\u00f6chstbewertung, Managementwissen online<\/strong><b>, <a class=\"gruenertext\" href=\"http:\/\/www.mwonline.de\/db\/home\/\" target=\"_blank\" rel=\"nolink noopener noreferrer\">www.mwonline.de<\/a><\/b><\/p>\n<p>In diesem Buch ist alles anregend und toll zusammengefasst. Auf dem Weg zu Auftr\u00e4gen als Coach habe ich die &#8222;Reise zur L\u00f6sung&#8220; (im wahrsten Sinne des Wortes) immer dabei.<br \/>\n<strong>Mag. Oliver Bruckner, Personalentwickung-Universit\u00e4t Klagenfurt<\/strong><\/p>\n<p>Ein wertvoller Wegbegleiter mit einem Fundus an inspirierenden Gedanken und Metaphern mit einer bunten Vielfalt an prxisorientierten Methoden.<br \/>\n<strong>DDr. Leander Bechtold, Kommunikationsberater und Psychotherapeut i.A.u.S., Bozen<\/strong><\/p>\n<p>Kompakte, direkt umsetzbare Einzelbausteine und sehr klare Arbeitsbl\u00e4tter, die viel Feinarbeit und Erfahrung vermitteln, getragen und verbunden in l\u00f6sungsorientierter und liebevoller Grundhaltung.<br \/>\n<strong>Mag. Gertraud Sachs, Lehrerin und Coach, Salzburg<\/strong><\/p>\n<p>Ein Coaching-Buch zum Aufatmen &#8211; wertsch\u00e4tzend, bodenst\u00e4ndig, praxisnah, empfehlenswert als Grundlagenliteratur f\u00fcr Sozial- und Beratungskompetenz.<br \/>\n<strong>Judith Kirchmayr-Kreczi, MSc, Supervisorin und Lehrbeauftragte<\/strong><b>\u00a0<\/b><a class=\"gruenertext\" href=\"http:\/\/www.jkk-kommunikation.at\/\" target=\"_blank\" rel=\"nolink noopener noreferrer\"> www.jkk-kommunikation.at<\/a><\/p>\n<p>Ein einzigartiges Buch \u00fcber Coaching:<br \/>\nEine \u00e4u\u00dferst gelungene Mischung von theoretischer Orientierung und Praxisbezug. Beides ist so geschickt miteinander verzahnt, dass Lernen auf hohem Niveau m\u00f6glich wird. Als roter Faden durchzieht alle Kapitel eine systemische Sicht auf Problem und L\u00f6sung und eine zutiefst humanistische Weltsicht, in der Vers\u00f6hnung und Harmonie einen hohen Wert darstellen.<br \/>\n<strong>Dr. Eva Scala, Supervisorin, Psychotherapeutin, Lehrbeauftragte Graz<\/strong><\/p>\n<p>Die Orientierung an Gelassenheit, Klarheit und Offenheit wird im Buch konsequent umgesetzt. Ein hilfreiches Handbuch mit vielf\u00e4ltigen, sehr gut strukturierten Methoden, sowie spannenden und ber\u00fchrenden Praxisbeispielen in unterschiedlichsten Arbeitskontexten.<br \/>\n<strong>Mag. Peter Laninschegg, Psychotherapeut, F\u00fchrungskraft und Musiker, Salzburg<\/strong><\/p>\n<p>Das Besondere an diesem praktischen Methodenbuch ist, dass es gef\u00fchlvoll an wertsch\u00e4tzende Qualit\u00e4ten des Coachens heranf\u00fchrt und eine Erfolg versprechende Werkzeugkiste aus vielf\u00e4ltiger praktischer Erfahrung vermittelt: professionell klar und menschlich verbindlich. Lahningers &#8222;Reise zur L\u00f6sung&#8220; macht neugierig und ist selbst eine horizonterweiternde L\u00f6sungsreise f\u00fcr Coaches, Berater-Innen und Supervisor-Innen, die ihre Arbeit reflektieren und bereichern m\u00f6chten.<br \/>\n<strong>Toni Wimmer, MSc AGB-Trainer, Supervisor (\u00d6VS), Psychotherapeut<\/strong><b>,\u00a0<\/b><a class=\"gruenertext\" href=\"http:\/\/www.toni-wimmer.at\/\" target=\"_blank\" rel=\"nolink noopener noreferrer\">www.toni-wimmer.at<\/a>, N\u00d6<\/p>\n<p>Ausgezeichneter Wegweiser durch die Praxis des Coaching, ein umfangreiches und hilfreiches Handbuch, sehr praxisorientiert und methodisch fundiert: Grundlagen, wirkungsvolle Methoden, Checklisten, &#8222;Kochrezepte&#8220;, werden durch sehr konkrete, gut nachvollziehbare Praxis-Beispiele anschaulich. Paul Lahninger \u00fcberzeugt durch umfassende Kompetenz in einer Vielfalt von Blickwinkeln und teilt seine langj\u00e4hrige Praxiserfahrung freigiebig mit Interessierten. Die eigene Coaching-Kompetenz der Lesenden wird auf der Reise zur L\u00f6sung entdeckt und weiterentwickelt wie eine Freundschaft, die zur Seite steht.<br \/>\n<strong>Vera Blank, Beratung und Training, M\u00fcnchen<\/strong><\/p>\n<p>Das Buch vermittelt au\u00dferordentliche viele interessante Inhalte und Denkanst\u00f6\u00dfe.<br \/>\n<strong>Helga Peter, Lehrbeauftragte, Sennwald, Schweiz<\/strong><\/p>\n<p>Mit den praktischen Beispielen stellt es f\u00fcr mich ein Handbuch dar, das ich in meiner Arbeit immer wieder zur Hand nehmen werde. Inhaltlich dienen mir die Texte zur Vertiefung des vorhandenen Wissens und lenken den Blick auf sonst unbeachtete Abl\u00e4ufe in der Arbeit mit Jugendlichen.<br \/>\n<strong>Herta Fragner<\/strong><\/p>\n<p>Ich bin ganz fasziniert von so viel kompaktem Know How.<br \/>\n<strong>Mag. Olivia Wollinger<\/strong><\/p>\n<p>Ich finde die detailliert wiedergegebenen Coachings superspannend! Das Gespr\u00e4ch wird da so richtig lebendig. Ich nutze das Buch immer wieder und empfehle es gerne weiter.<br \/>\n<strong>Karin Hirschm\u00fcller<\/strong><\/p>\n<p>Das Buch ist inspirierend: einfach toll.<br \/>\n<strong>Mag. Alexandra Mei\u00dfner, Lehrerin Frankfurt \/ Main<\/strong><\/p>\n<p>Ein tolles, sehr n\u00fctzliches Buch, mit hoher \u00dcbersichtlichkeit, Einfachheit, Praxisn\u00e4he. Ich empfehle das Buch auch allen Nachwuchstwissenschafter-Innen.<br \/>\n<strong>Mag. Oliver Bruckner, Personalentwicklung Universit\u00e4t Klagenfurt<\/strong><\/p>\n<p>Coaching-Kompetenz f\u00fcr F\u00fchrungskr\u00e4fte\u201c hat meine Erwartungen bei weitem \u00fcbertroffen: sehr lehrreich, spannend, sch\u00f6n. Der Unterschied zwischen coachendem Begleiten und F\u00fchren ist mir sehr deutlich geworden. Mit der Umsetzung habe ich sofort begonnen: ich stelle meinen Mitarbeiter-Innen Fragen, die ich fr\u00fcher nicht gestellt h\u00e4tte und achte darauf, was zur\u00fcck kommt. Ich nehme jetzt viel bewusster wahr, wo F\u00fchrung gefragt ist und wo nicht &#8211; ein echt spannendes Thema.<br \/>\n<strong>Michaela Brader, Teamleiterin, St. P\u00f6lten<\/strong><\/p>\n<p>Ein gro\u00dfartiges, inspirierendes Buch.<br \/>\n<strong>Birgit Aum\u00fcller, SPES Zukunftsakademie Schlierbach<\/strong><\/p>\n<p>\u2026 ein gut ausgearbeiteter Lernbehelf f\u00fcr die Beratung<br \/>\n<strong>Mag. Roland Schaupp, JOBFOCUS Wels Institut f\u00fcr Ausbildungs- und Besch\u00e4ftigungsberatung<\/strong><\/p>\n<p>Die Reise zur L\u00f6sung ist zu meinem &#8222;Kochbuch&#8220; geworden, mein st\u00e4ndiger Begleiter<br \/>\n<strong>Gertude Fr\u00fchwirth, F\u00fchrungskraft, Krems<\/strong><\/p>\n","protected":false},"excerpt":{"rendered":"<p>Reise zur L\u00f6sung Coaching-Kompetenz f\u00fcr Beratung, Teamentwicklung, F\u00fchrung und Lehrt\u00e4tigkeit. 384 Seiten mit Praxisbeispielen, methodischen Leitf\u00e4den und direkt einsetzbaren Kopiervorlagen, mit Zugangscode zum Download von pdf-Arbeitsbehelfen.\u00a0https:\/\/www.managerseminare.de\/tb\/tb-8016 Rezension \u00d61 Manager Seminare, 3. Auflage, 2018, ISBN: 978-3-941965-00-3, Preis \u20ac 51,70 \/ Sonderpreis f\u00fcr Newsletter-Abonnenten \u20ac 44,&#8211; Aktion: In \u00d6sterreich versandkostenfrei, im Ausland\u2026<\/p>\n<p> <a class=\"continue-reading-link\" href=\"https:\/\/www.topseminare.at\/pl\/reise-zur-loesung\/\"><span>weiterlesen<\/span><i class=\"crycon-right-dir\"><\/i><\/a> <\/p>\n","protected":false},"author":1,"featured_media":0,"parent":0,"menu_order":0,"comment_status":"closed","ping_status":"closed","template":"","meta":{"footnotes":""},"class_list":["post-237","page","type-page","status-publish","hentry"],"aioseo_notices":[],"_links":{"self":[{"href":"https:\/\/www.topseminare.at\/pl\/wp-json\/wp\/v2\/pages\/237","targetHints":{"allow":["GET"]}}],"collection":[{"href":"https:\/\/www.topseminare.at\/pl\/wp-json\/wp\/v2\/pages"}],"about":[{"href":"https:\/\/www.topseminare.at\/pl\/wp-json\/wp\/v2\/types\/page"}],"author":[{"embeddable":true,"href":"https:\/\/www.topseminare.at\/pl\/wp-json\/wp\/v2\/users\/1"}],"replies":[{"embeddable":true,"href":"https:\/\/www.topseminare.at\/pl\/wp-json\/wp\/v2\/comments?post=237"}],"version-history":[{"count":15,"href":"https:\/\/www.topseminare.at\/pl\/wp-json\/wp\/v2\/pages\/237\/revisions"}],"predecessor-version":[{"id":2533,"href":"https:\/\/www.topseminare.at\/pl\/wp-json\/wp\/v2\/pages\/237\/revisions\/2533"}],"wp:attachment":[{"href":"https:\/\/www.topseminare.at\/pl\/wp-json\/wp\/v2\/media?parent=237"}],"curies":[{"name":"wp","href":"https:\/\/api.w.org\/{rel}","templated":true}]}}