{"id":235,"date":"2016-06-01T10:00:19","date_gmt":"2016-06-01T08:00:19","guid":{"rendered":"http:\/\/www.topseminare.at\/wordpress\/?page_id=235"},"modified":"2025-11-04T08:47:54","modified_gmt":"2025-11-04T07:47:54","slug":"wohltuende-leitsaetze","status":"publish","type":"page","link":"https:\/\/www.topseminare.at\/pl\/wohltuende-leitsaetze\/","title":{"rendered":"Wohltuende Leits\u00e4tze"},"content":{"rendered":"<h2>Wohltuende Leits\u00e4tze:<\/h2>\n<h4>Ideal f\u00fcr ruhige Augenblicke:<\/h4>\n<p>Immer wieder bekomme ich die R\u00fcckmeldung, dass &#8222;n\u00e4hrende&#8220; und &#8222;wohltuende&#8220; Geschenke sehr willkommen sind.<br \/>\n<span style=\"color: #c10001;\">3-er Set \u20ac \u00a0mit PR\u00c4SENT f\u00fcr \u20ac 33.- (zuz\u00fcglich Porto-Kosten): \u201eunterwegs notiert\u201c (19.80) und \u201eAffirmations-K\u00e4rtchen-Set\u201c (13.20) \u201en\u00e4hrende Zeilen\u201c legen wir als Pr\u00e4sent dazu.<\/span><\/p>\n<p><strong>Affirmationsk\u00e4rtchenset<\/strong><br \/>\n144 Gedanken zur Selbstwert-St\u00e4rkung<br \/>\n<span style=\"color: #c10001;\">\u20ac 13,20<\/span>\u00a0Aktion: In \u00d6sterreich versandkostenfrei, im Ausland bitten wir die Portokosten zu \u00fcbernehmen.<\/p>\n<p>F\u00fcr freudvolles Engagement, f\u00fcr Zuwendung und Wertsch\u00e4tzung.<br \/>\nDie 144 K\u00e4rtchen dieses Sets sind <strong>7 Aspekten<\/strong> zugeordnet:<\/p>\n<ul>\n<li>Selbstliebe, Selbstcoaching<\/li>\n<li>Lebensgeschichte, Vers\u00f6hnung<\/li>\n<li>Beziehungsqualit\u00e4t, Partnerschaft<\/li>\n<li>Konfliktl\u00f6sung, Unterschiede annehmen<\/li>\n<li>Arbeitshaltung, Selbstorganisation<\/li>\n<li>Ver\u00e4nderungsbereitschaft, Weiterentwicklung<\/li>\n<li>Spiritualit\u00e4t, Lebensverst\u00e4ndnis<\/li>\n<\/ul>\n<p>&#8222;Ein guter Gedanke kommt selten allein!&#8220;<br \/>\nDenkmayr-Verlag, Linz 2007<br \/>\nISBN 978-3-902488-96-1<\/p>\n<p>&#8222;Gro\u00dfartig, eine wunderbare Idee!&#8220; Ulrike Pammer, Lehrerin, Feldbach, Stmk.<\/p>\n<p>&#8222;Wunderbar gestaltete Herzens\u00f6ffner, privat, im Team, in der Elternarbeit, in Seminaren. Ich bin jedes Mal von der Wirkung ber\u00fchrt.&#8220; Sonja Zirnwald, Sozialarbeiterin, Ried im Innkreis<\/p>\n<h4>Gebrauchsanweisung<\/h4>\n<p><!--more--><\/p>\n<p>Es kann anregend sein, ein K\u00e4rtchen zu ziehen und zu \u00fcberlegen, zu welcher Situation dieser Spruch passt. Positive Leits\u00e4tze wirken, wenn wir sie als stimmig empfinden. Wenn Widerst\u00e4nde gegen eine Affirmation auftauchen, kann ich mit diesen freundlich in Dialog treten. Jeder Widerstand will uns etwas mitteilen!<br \/>\nAffirmationen wirken intensiver, wenn ich<\/p>\n<ul>\n<li>mir eine ausgew\u00e4hlte Affirmation regelm\u00e4\u00dfig vorspreche,<\/li>\n<li>in Meditation visualisiere,<\/li>\n<li>in Entspannung nachsp\u00fcre,<\/li>\n<li>diese plakativ schreibe,<\/li>\n<li>bildhaft gestalte,<\/li>\n<li>sie bei mir trage,<\/li>\n<li>auf den Kalender pinne,<\/li>\n<li>sie mit einer Blume auf einen besonderen Platz stelle,<\/li>\n<li>mir diese ins Ohr fl\u00fcstern lasse,<\/li>\n<li>oder sie einem pers\u00f6nlichen Brief oder einem Geschenk beilege.<\/li>\n<\/ul>\n<h4><\/h4>\n<h4>Affirmationen: hilfreiche Gedanken<\/h4>\n<p><!--more--><\/p>\n<p><span style=\"color: #c10001;\">Positives Selbstwertgef\u00fchl ist die Grundlage f\u00fcr soziale Kompetenz in Konfliktmanagement, in F\u00fchrungsaufgaben und in der Beziehungsgestaltung.<\/span> Unsere lebensbejahende Einstellung wird gen\u00e4hrt von Selbstachtung. Dies ist die tiefste Quelle f\u00fcr freudvolles Engagement, f\u00fcr Zuwendung und Wertsch\u00e4tzung. Wir w\u00e4hlen, entweder auf Hindernisse zu starren, oder unseren Blick auf das zu richten, was uns weiterhilft, auf Ziele und L\u00f6sungen.<\/p>\n","protected":false},"excerpt":{"rendered":"<p>Wohltuende Leits\u00e4tze: Ideal f\u00fcr ruhige Augenblicke: Immer wieder bekomme ich die R\u00fcckmeldung, dass &#8222;n\u00e4hrende&#8220; und &#8222;wohltuende&#8220; Geschenke sehr willkommen sind. 3-er Set \u20ac \u00a0mit PR\u00c4SENT f\u00fcr \u20ac 33.- (zuz\u00fcglich Porto-Kosten): \u201eunterwegs notiert\u201c (19.80) und \u201eAffirmations-K\u00e4rtchen-Set\u201c (13.20) \u201en\u00e4hrende Zeilen\u201c legen wir als Pr\u00e4sent dazu. Affirmationsk\u00e4rtchenset 144 Gedanken zur Selbstwert-St\u00e4rkung \u20ac 13,20\u00a0Aktion:\u2026<\/p>\n<p> <a class=\"continue-reading-link\" href=\"https:\/\/www.topseminare.at\/pl\/wohltuende-leitsaetze\/\"><span>weiterlesen<\/span><i class=\"crycon-right-dir\"><\/i><\/a> <\/p>\n","protected":false},"author":1,"featured_media":0,"parent":0,"menu_order":0,"comment_status":"closed","ping_status":"closed","template":"","meta":{"footnotes":""},"class_list":["post-235","page","type-page","status-publish","hentry"],"aioseo_notices":[],"_links":{"self":[{"href":"https:\/\/www.topseminare.at\/pl\/wp-json\/wp\/v2\/pages\/235","targetHints":{"allow":["GET"]}}],"collection":[{"href":"https:\/\/www.topseminare.at\/pl\/wp-json\/wp\/v2\/pages"}],"about":[{"href":"https:\/\/www.topseminare.at\/pl\/wp-json\/wp\/v2\/types\/page"}],"author":[{"embeddable":true,"href":"https:\/\/www.topseminare.at\/pl\/wp-json\/wp\/v2\/users\/1"}],"replies":[{"embeddable":true,"href":"https:\/\/www.topseminare.at\/pl\/wp-json\/wp\/v2\/comments?post=235"}],"version-history":[{"count":8,"href":"https:\/\/www.topseminare.at\/pl\/wp-json\/wp\/v2\/pages\/235\/revisions"}],"predecessor-version":[{"id":2534,"href":"https:\/\/www.topseminare.at\/pl\/wp-json\/wp\/v2\/pages\/235\/revisions\/2534"}],"wp:attachment":[{"href":"https:\/\/www.topseminare.at\/pl\/wp-json\/wp\/v2\/media?parent=235"}],"curies":[{"name":"wp","href":"https:\/\/api.w.org\/{rel}","templated":true}]}}