{"id":227,"date":"2016-06-01T09:58:42","date_gmt":"2016-06-01T07:58:42","guid":{"rendered":"http:\/\/www.topseminare.at\/wordpress\/?page_id=227"},"modified":"2025-11-04T08:46:02","modified_gmt":"2025-11-04T07:46:02","slug":"widerstand-als-motivation","status":"publish","type":"page","link":"https:\/\/www.topseminare.at\/pl\/widerstand-als-motivation\/","title":{"rendered":"Widerstand als Motivation"},"content":{"rendered":"<h2>Widerstand als Motivation<\/h2>\n<h4>Herausforderungen konstruktiv nutzen.<br \/>\nF\u00fcr Moderation, Teamtraining, Treamleitung, Coaching und Beratung.<br \/>\nMit Praxisbeispielen, Tipps und Methoden<\/h4>\n<p>Die Beachtung von Widerst\u00e4nden, St\u00f6rungen und Demotivation wirkt l\u00f6send, und bringt Energien in Fluss.<\/p>\n<p>\u00d6kotopia Verlag, M\u00fcnster, 5. Auflage, 2018, ISBN 3-936286-75-2, <span style=\"color: #c10001;\">Preis \u20ac 19,80 im pdf<\/span><br \/>\nGerne schicken wir dieses als pdf zu. Der Bestseller ist nach 10 000 verkauften Druckexemplaren nun leider vergriffen.Dieses Buch unterst\u00fctzt Sie in 5 Bausteinen:<\/p>\n<ol>\n<li><strong>Baustein &#8211; Auch Widerstand ist Motivation<\/strong><br \/>\nEinsicht in die Entwicklung von Motivationen und die Bedeutung von Widerst\u00e4nden.<\/li>\n<li><strong>Baustein &#8211; Interventionen trainieren<\/strong><br \/>\nSie erweitern Ihr Repertoire an L\u00f6sungsbildern.<\/li>\n<li><strong>Baustein &#8211; Leiten mit Blick nach innen<\/strong><br \/>\nAusstrahlung durch Selbst-Coaching st\u00e4rken.<\/li>\n<li><strong>Baustein &#8211; Werte leben<\/strong><br \/>\nBest\u00e4rkende und belastende Formen, Ideale zu leben.<\/li>\n<li><strong>Baustein &#8211; methodisch wirksam gestalten<\/strong><br \/>\nModelle und Ideen f\u00fcr Lernprozesse, Training, Moderation und Teamentwicklung.<\/li>\n<\/ol>\n<p>&nbsp;<\/p>\n<h4>Leseproben:<\/h4>\n<ul>\n<li><a href=\"https:\/\/www.topseminare.at\/pdf\/s12.pdf\">Motivationen ein wirbliger Pool S 12<\/a><\/li>\n<li><a href=\"https:\/\/www.topseminare.at\/pdf\/s21.pdf\">Widerstand beschreiben S 21<\/a><\/li>\n<li><a href=\"https:\/\/www.topseminare.at\/pdf\/s68.pdf\">Eigen-Art leben S 68<\/a><\/li>\n<\/ul>\n<p>&nbsp;<\/p>\n<h4>Rezensionen und R\u00fcckmeldungen zu &#8222;Widerstand als Motivation&#8220;<\/h4>\n<p><!--more--><\/p>\n<p>Paul Lahninger im \u00d6kotopia-Verlag, M\u00fcnster 2005<\/p>\n<p><strong>ORF wien, \u00d61, 28. Februar 2006 in WISSEN AKTUELL<\/strong><br \/>\nWer kennt nicht aus seiner Arbeitswelt demotivierte Teams und frustrierte Lerngruppen, st\u00f6\u00dft nicht hin und wieder auf Widerspruch und Abwehr im Arbeitsalltag. Wie man diesen Widerstand von Kollegen und Mitarbeitern sinnvoll in positive Energie umwandeln kann, behandelt ein neues Buch: &#8222;Widerstand als Motivation&#8220;. Mit ganz praktischen Beispielen, die auch gesondert als Arbeitsbl\u00e4tter herauskopiert werden k\u00f6nnen, gibt es in Lahningers Buch Anleitungen, wie man Begeisterung dort wahrnimmt, wo sie verborgen scheint, wie man liebevoll zuh\u00f6rt und letztlich wie man ethisch ein Team f\u00fchrt. Martin Haidinger<\/p>\n<p><strong>Der Standard, J\u00e4nner 2006<\/strong><br \/>\nM\u00f6glichst gut mit sich selbst in Kontakt sein ist f\u00fcr Paul Lahninger eine Grundvoraussetzung f\u00fcr F\u00fchrungskompetenz. Dabei geht es zuerst auch um das Erkennen eigener Motivationskonflikte. Dazu bietet der langj\u00e4hrige Salzburger Trainer und Lehrbeauftragte sein Arbeits- und \u00dcbungsbuch an. Reich an Fallbeispielen und \u00dcbungsbl\u00e4ttern. Karin Bauer<\/p>\n<p><strong>Salzburger Wirtschaft, November 2005<\/strong><br \/>\nPaul Lahninger pr\u00e4sentiert seine Ideen leicht verst\u00e4ndlich mit vielen Praxisbeispielen und trifft damit Kernanliegen in der Arbeit mit Menschen: das Kl\u00e4ren von Motivationen, die Beachtung der aktuell wirksamen Bed\u00fcrfnisse in der Kooperation und die Aufarbeitung von St\u00f6rungen. PersonalEntwickeln, Deutscher Wirtschaftsdienst, Mai 2008<\/p>\n<p><!--more--><\/p>\n<p><strong>Andrea Langhold, Burgenland, <a href=\"http:\/\/www.change-alight.at\/\">www.change-alight.at<\/a><\/strong><br \/>\nEinfach gro\u00dfartig! so gut, dass ich es nicht mehr weglegen konnte. Auch perfekt f\u00fcr F\u00fchrungskr\u00e4fte.<\/p>\n<p>Das Buch ist sehr klar strukturiert, mit Bildern illustriert und zentrale Erkenntnisse werden in regelm\u00e4\u00dfigen Sinnspr\u00fcchen auf den Punkt gebracht. Sehr viele Fallbeispiele und Vorlagen machen \u201eWiderstand als Motivation\u201c zu einem sehr praxisnahen Handbuch.<br \/>\n<strong>Universit\u00e4t Hamburg, Zentrum f\u00fcr Hochschul- und Weiterbildung<\/strong><\/p>\n<p>Besonders die vielen, abwechslungsreichen Fallgeschichten, die Paul Lahninger aus seiner Beratungst\u00e4tigkeit einbringt, empfand ich als ungeheuer wertvoll. Ich bin ein Mensch, der besonders durch solchen Geschichten von Erfahrungen anderer Menschen lernen kann \u2013 ich muss die Fehler nicht unbedingt alle selber machen. Was mich faszinierte, ist die Souver\u00e4nit\u00e4t mit der Paul Lahninger auch an \u00e4u\u00dferst verzwickte Situationen herangeht. Besonders gut gefallen haben mir auch die Mediationen, die er immer wieder zwischen den Kapiteln einschiebt.<br \/>\n<strong>Birgit Elke Beiser, Karl-Franzens-Universit\u00e4t, Graz<\/strong><\/p>\n<p>Dieses reich illustrierte Buch kann sich eines gro\u00dfen Interesses gewiss sein! Ein vielf\u00e4ltiges Werk f\u00fcr alle, die sich selbst und Gruppen leiten, mit einer Vielfalt von Zug\u00e4ngen und Gestaltungselementen. Hier k\u00f6nnen Leserin und Leser anhand von \u00dcbungen und Praxisbeispielen tats\u00e4chlich trainieren! Dies zeichnet das Buch aus:<br \/>\n&#8211; interessante Anregungen und Impulse und es bietet zugleich unmittelbaren Transfer<br \/>\n&#8211; anwendungsbezogen f\u00fcr den Einsatz der Materialien<br \/>\n&#8211; viele kreative \u00dcbungen mit Anleitungen und Arbeitsbl\u00e4ttern.<br \/>\nDieses Buch gibt unz\u00e4hlige Anregungen, die Welt (anders) zu sehen. Es vermittelt dabei eine \u00fcberspringende Leichtigkeit, die aus einem Grundvertrauen und einem hohen Vorschuss an Wertsch\u00e4tzung und Wohlwollen lebt.<br \/>\n<strong>Dr. Frank Michael Orthey<\/strong><\/p>\n<p>&#8222;Das Buch zum Thema &#8222;Widerstand&#8220; ist eine unglaublich bereichernde Quelle. Es ist von einer bestechenden Klarheit und reduziert Komplexit\u00e4t auf verdauliche H\u00e4ppchen. F\u00fcr mich ein sehr wertvolles Werkzeug.&#8220;<br \/>\n<strong>Susanne Litschauer, Gesundheits-Trainerin, Linz<\/strong><\/p>\n<p>&#8222;So viel Brauchbares f\u00fcr meinen Unterricht.&#8220;<br \/>\n<strong>Haide Stenz, Lehrerin, Linz<\/strong><\/p>\n<p>&#8222;Paul Lahningers Buch &#8222;Widerstand als Motivation&#8220; bietet f\u00fcr F\u00fchrungskr\u00e4fte wie auch f\u00fcr TrainerInnen immer wieder \u00dcberraschendes und Wertvolles. Praxisbezogene ManagerInnen finden eine klare, voraussetzungslose Abhandlung zum Thema Motivation; und es wird ihnen anschaulich vermittelt, dass Widerstand als Energiequelle richtig genutzt werden kann, ohne jedoch die MitarbeiterInnen manipulativ zu instrumentalisieren. F\u00fcr Trainerinnen und Trainern ist dieser Band eine Fundgrube f\u00fcr kleinere und gr\u00f6\u00dfere Aktivierungs\u00fcbungen, die Lahningers Grundgedanken erleben und verstehen lassen. Alles in allem: Eine lohnende Lekt\u00fcre!&#8220;<br \/>\n<strong>Univ.-Doz. Dr. Friedrich Glasl, Salzburg, Trigon Entwicklungsberatung<\/strong><\/p>\n<p>&#8222;Ein au\u00dferordentlich kreatives, theoretisch wie praktisch umfassendes Werk, das durch eine Vielzahl von lebendigen und theoretisch fundierten \u00dcbungen den Begriff des Widerstandes als eine zentrale systemische Informationsquelle zug\u00e4nglich macht. Nach diesem Buch m\u00fcssten Sie sich schon sehr bem\u00fchen, um Widerst\u00e4nde nicht mehr als gute Gelegenheiten zur kooperativen Umgestaltung von Kontexten wahrzunehmen.&#8220;<br \/>\n<strong>Prof. Dr. Matthias Varga von Kibed, M\u00fcnchen, Institut f\u00fcr systemische Forschung und Ausbildung, SyST<\/strong><\/p>\n<p>&#8222;ein ausgezeichnetes Buch, ich konnte viele Anregungen erfolgreich umsetzen.&#8220;<br \/>\n<strong>Gerhart Langthaler &#8211; Coach, O\u00d6<\/strong><\/p>\n<p>&#8222;Es gibt 3 B\u00fccher, die mir geholfen haben: Das Kochbuch meiner Mutter, das Scheckbuch meines Vaters &#8230; und &#8218;Widerstand als Motivation&#8216; von Paul Lahninger. Ein Buch das ich gerne und regelm\u00e4\u00dfig zu Rate ziehe. Klar strukturiert, zielorientiert und sehr praxisnahe!&#8220;<br \/>\n<strong>Mauro Bazzanella, Personalentwickler in S\u00fcdtirol<\/strong><\/p>\n<p>&#8222;Ein wundervoller Beitrag f\u00fcr diese Welt&#8220;<br \/>\n<strong>Christine Grillnberger &#8211; Trainerin, Linz<\/strong><\/p>\n<p>&#8222;Das Buch begeistert mich.&#8220;<br \/>\n<strong>Wilma Marrone &#8211; Lehrerin, M\u00fcnchen<\/strong><\/p>\n<p>&#8222;Spannend zu lesen, ein wertvoller Schatz&#8220;<br \/>\n<strong>Agnes Steinberger &#8211; Trainerin, Salzburg<\/strong><\/p>\n<p>&#8222;Mir gef\u00e4llt diese &#8217;schaukelnde&#8216; Mischung aus Wissensbeitr\u00e4gen, Beispielen, \u00dcbungen und Leitideen ausgesprochen gut. Auch der Bezug von Widerstand auf verschiedene Praxissituationen finde ich f\u00fcr meine Arbeit sehr anregend; Widerstand taucht als Ph\u00e4nomen ja \u00fcberall auf, gerade auch beim Verlassen von bekannten Wegen. Wie fruchtbare dieses Ph\u00e4nomen sein kann, zeigen vor allem die Kapitel Motivation und Werte!&#8220;<br \/>\n<strong>Bernhard Miltner, Organisationsberatung \u00a0 Personalentwicklung, Schondorf, BRD<\/strong><\/p>\n<p>&#8222;Das Buch ist wie eine Bibel f\u00fcr die Arbeit mit Gruppen. Praxisnah, gut verst\u00e4ndlich und strukturiert. Vor allem gef\u00e4llt mir die wertsch\u00e4tzende Haltung.&#8220;<br \/>\n<strong>Christine Mack, systemische Beratung, Linz<\/strong><\/p>\n<p>&#8222;..sehr differenziert und anregend. Obwohl ich sonst \u00dcbungsb\u00fccher nicht mag, habe ich auch den \u00dcbungs-Teil in Widerstand als Motivation durchgearbeitet: sehr klar, mit feinen L\u00f6sungsvorschl\u00e4gen.&#8220;<br \/>\n<strong>Dr. Eva Scala, Autorin, Psychotherapeutin, Lehrbeauftragte, Universit\u00e4t Graz<\/strong><\/p>\n<p>&#8222;WIDERSTAND ALS MOTIVATION bietet einen sehr gelungenen Cocktail aus \u00dcbungen, Gedanken und Erkl\u00e4rungen f\u00fcr unterschiedlichste Herausforderungen. Den Begriff &#8218;Baustein&#8216; statt &#8218;Kapitel&#8216; finde ich besonders treffend, weil ich \u00fcberall anfangen kann und ich werde \u00fcberall angeregt zu erg\u00e4nzen, weiterzubauen. Dabei bin ich einmal auch richtig &#8218;versunken&#8216;, wie ein Kind beim selbstvergessenen Spiel. Selbst Themen-Bausteine, die mir im Prinzip bekannt sind, finde ich auf anregende Weise aufgefrischt und f\u00fchle mich best\u00e4rkt, einen Gedanken f\u00fcr mich wieder neu umzusetzen. Und immer deutlich kommt die menschenfreundliche Atmosph\u00e4re durch, wie ja auch auf den DVD-Video-Seminaren des Autors. Ich finde das Buch wirklich reichhaltig &#8211; wie ein buntes und zugleich homogenes Buffet &#8211; und werde es sicher weiter empfehlen.&#8220;<br \/>\n<strong>Dr. Rene Reichel, Lehr-Supervisor, Universit\u00e4tslehrer, Autor<\/strong><\/p>\n<p>&#8222;Das Buch ist klar strukturiert, gut gegliedert. Es bietet vielseitige Anregungen zur Reflexion und St\u00e4rkung von Leitungskompetenzen, f\u00fcr vertrauensvolles F\u00fchren und eigenes inneres Wachsen durch Praxisbeispiele und \u00dcbungen. Ein leicht lesbares, tiefsinniges Leit- und Begleitbuch, lesenswert f\u00fcr Anf\u00e4nger-Innen und erfahrene F\u00fchrungs-\/Leitungskr\u00e4fte und Trainer-Innen.&#8220;<br \/>\n<strong>Dr. Michaela Schumacher, in Socialnet, Deutschland<\/strong><\/p>\n<p>&#8222;Eine inhaltsreiche und \u00fcbersichtliche Sammlung praktischer Interventionsmethoden mit illustrativen Hintergrundtexten.&#8220;<br \/>\n<strong>Mag. Franz Biehal MA,Trigon Entwicklungsberatung Wien<\/strong><\/p>\n<p>&#8222;Mit Widerst\u00e4nden bin ich als F\u00fchrungskraft fast t\u00e4glich konfrontiert. Das neue Buch &#8222;Widerstand als Motivation&#8220; ist eine sehr wertvolle Hilfe, um sich Widerst\u00e4nden unter einem neuen, konstruktiven und positiven Gesichtpunkt zuzuwenden. Es enth\u00e4lt wertvolle Anregungen f\u00fcr die t\u00e4gliche Praxis, sowohl im Bereich der MitarbeiterInnenf\u00fchrung als auch f\u00fcr die unterschiedlichsten Beratungssettings unserer Einrichtungen der Arbeits- und Wohnrehabilitation. Paul Lahninger stellt auch sehr anschauliche und sinnvoll einsetzbare \u00dcbungen vor. So ist dies nicht nur ein Lehr- und Arbeitsbuch, sondern auch ein Nachschlagewerk, mit vielen Anregungen, motivierend f\u00fcr die eigene Arbeit mit Menschen ist.&#8220;<br \/>\n<strong>Mag. Margret Korn, Gesch\u00e4ftsf\u00fchrung Pro Mente Salzburg<\/strong><\/p>\n<p>&#8222;Widerstand als Motivation: ein Buch, das mich begeistert. Regelm\u00e4\u00dfig ziehe ich es als Impulsgeber heran und finde stets Passendes und Inspirierendes&#8230; Besonders ansprechend finde ich u.v.a. die Informationen zu Werthaltungen. Ich f\u00e4nde es eine gute und sinnvolle Erg\u00e4nzung, wenn bei deinem Untertitel auch das Wort &#8218;Schule&#8216; vork\u00e4me! Das Buch ist dort ein sehr wertvoller Begleiter!&#8220;<br \/>\n<strong>B\u00e4rbel Buechel-Ceron<\/strong><\/p>\n<p>&#8222;Das Lesen hat gro\u00dfen Spa\u00df gemacht und war sehr, sehr interessant.&#8220;<br \/>\n<strong>Ingo Bieringer, Salzburg<\/strong><\/p>\n<p>&#8222;Wer mit Gruppen arbeitet &#8211; ob in Seminaren, Trainings, Coachings oder im Rahmen von Teamentwicklungen &#8211; ist immer wieder mit Widerstand konfrontiert. H\u00e4ufig werden &#8222;widerst\u00e4ndige&#8220; TeilnehmerInnen als Hemmnis f\u00fcr die eigenen Vorhaben bzw. Auftr\u00e4ge empfunden. Im vorliegenden Buch geht Paul Lahninger, Moderator, Trainer und Ausbildungsleiter, hingegen von der Grundannahme aus, dass Widerstand &#8222;eine ernst zu nehmende Botschaft, vielleicht als Auftrag zur Korrektur, als &#8222;Energie&#8220; gesehen werden kann: &#8222;Auch Widerst\u00e4nde sind Motivationen!&#8220;. Dieser Pr\u00e4misse folgend handelt das Buch von der Vielfalt an M\u00f6glichkeiten, Gruppen zu leiten und dabei mit Widerstand konstruktiv umzugehen. Anhand vieler Praxisbeispiele macht Lahninger deutlich, welche M\u00f6glichkeiten Widerst\u00e4nde in Seminaren er\u00f6ffnen k\u00f6nnen, ohne dabei dogmatisch zu sein. Ein hervorragendes Buch, das allen, die mit Gruppen arbeiten, empfohlen werden soll &#8211; erhellend, erheiternd und erfrischend!&#8220;<br \/>\n<strong>Ingo Bieringer, Redaktion &#8222;Kranich&#8220;, Friedensb\u00fcro Salzburg<\/strong><\/p>\n<p>&#8222;Seit ich mich mit dem Buch &#8218;Widerstand als Motivation&#8216; auseinandergesetzt habe, erkenne ich eine immer gr\u00f6\u00dfer werdende Vielfalt von Entwicklungsm\u00f6glichkeiten. Ganz wesentlich ist f\u00fcr mich die inhaltliche Tiefe und die unvergleichliche Art der wertsch\u00e4tzenden Ansprache, die mir bisher in keiner anderen Literatur so begegnet ist. Deshalb ist mir dieses Buch ganz besonders ans Herz gewachsen.&#8220;<br \/>\n<strong>Dr. Joachim Althaler, Prof. f\u00fcr Wirtschaftsmathematik, Fachhochschule Steyr<\/strong><\/p>\n<p>&#8222;F\u00fcr mich selbst war Ihr Buch &#8218;Widerstand als Motivation&#8216; bereits \u00f6fters wichtiger &#8218;Ratgeber&#8216; f\u00fcr Trainings.&#8220;<br \/>\n<strong>Mag. Christiane Stofner, Management &amp; Personal, Volksbankenakademie<\/strong><\/p>\n<p>&#8222;Es ist eine gro\u00dfe Bereicherung und ein toller Leitfaden in der Arbeit mit Menschen!&#8220;<br \/>\n<strong>Jana Iris, Sozialp\u00e4dagogin, M\u00fcnchen<\/strong><\/p>\n<p>&#8222;Ich wende heute noch vieles privat und beruflich an und erinnere mich gerne an die gute Atmosph\u00e4re. Zeit bei Zuh\u00f6ren zu lassen. Ich arbeite viel mit Widerst\u00e4nden, es f\u00e4llt mir leichter, ihre Beweggr\u00fcnde zu verstehen. Der Nutzen in meiner Arbeit wird wirksam durch bessere Ergebnisse. L\u00d6SEN hat meine Partnerschaft und meine famili\u00e4ren Beziehungen sehr bereichert.&#8220;<br \/>\n<strong>Ulrike Votypka<\/strong><\/p>\n<p>&#8222;Das Buch ist unmittelbar nutzbar. Es lebt von erprobtem Wissen, ist verst\u00e4ndnisvoll geschrieben, freundlich illustriert und hat hilfreiche Arbeitsbl\u00e4tter und \u00dcbungen. Trainer und Coaches werden davon profitieren.&#8220;<br \/>\n<strong>Dr. Gudrun Henne, 18.2.07, <a href=\"http:\/\/www.mw-online.de\/\" target=\"_blank\" rel=\"noopener noreferrer\">www.mw-online.de<\/a><\/strong><\/p>\n<p>&#8222;Ein sehr gut gegliedertes Arbeits- und Methodenbuch. Nach der Lekt\u00fcre der zahlreichen Fallbeispiele war ich begeistert. Wer sich mit den Gedanken, \u00dcbungen und Anregungen auseinander setzt, wird gro\u00dfen Gewinn von der Lekt\u00fcre haben Es ist ansprechend geschrieben und erfrischend zu lesen. Lehr empfehlenswert f\u00fcr die Lehrerfortbildung und f\u00fcr jeden Lehrer, der an Gruppenprozessen interessiert ist.&#8220;<br \/>\n<strong>Beate Forsbach, Lehrerbibiliothek.de, Januar 2007<\/strong><\/p>\n<p>&#8222;Ein Buch, das richtig gut tut. Praktikable, fantasievolle, vielseitige methodische Anregugen. Ein Buch, das motiviert!&#8220;<br \/>\n<strong>Detlef Tr\u00e4bert, Schulberatungsservice, Berlin, Mai 06<\/strong><\/p>\n<p>&#8222;Das Werk ist eine Fundgrube von Ideen.&#8220;<br \/>\n<strong>Dr. Gunter Iberer, Universit\u00e4t Graz<\/strong><\/p>\n<p>&#8222;Paul Lahninger f\u00fchrt den Leser mittels profunder Analyse und leichter Darstellung an das Ph\u00e4nomen &#8222;Widerstand als Motivation&#8220; heran. Das Buch macht Mut zum Experimentieren, ihm sollte kein Widerstand entgegengebracht werden.&#8220;<br \/>\n<strong>Dorothee Dersch, Profile, Internationale Zeitschrift f\u00fcr Ver\u00e4nderungen, Lernen, Dialog, K\u00f6ln, Dezember 06<\/strong><\/p>\n<p>&#8222;Die sorgf\u00e4ltig entwickelten Verst\u00e4ndnismodelle, Methoden und konkreten Erfahrungsberichte machen das Buch f\u00fcr Leitungskr\u00e4fte und TeamerInnen zu einem wertvollen Begleiter.&#8220;<br \/>\n<strong>Doris Radlanski A1 Chami, &#8218;Kollaps&#8216; Zeitschrift des Jugendrotkreuzes Hamburg, September 06<\/strong><\/p>\n<p>&#8222;Ein hilfreiches Buch, das L\u00f6sungsm\u00f6glichkeiten aufzeigt.&#8220;<br \/>\n<strong>Tanja Schaub, Jugendschriftenausschuss der BLLV M\u00fcnchen, Mai 06<\/strong><\/p>\n<p>&#8222;Aufgrund zahlreicher Beispiele bietet das Buch einen hohen praktischen Nutzen. Ein hervorragendes Arbeitsbuch mit guten Anregungen zur Pers\u00f6nlichkeitsentwicklung, Intervention und Seminargestaltung.&#8220;<br \/>\n<strong>Hubert R. Kuhn, Training aktuell, April 06<\/strong><\/p>\n<p>&#8222;Sehr n\u00fctzliche und erprobte Ideen und Modelle f\u00fcr den Umgang mit Widerstand, St\u00f6rungen und Demotivation. Ansprechend gestaltet. Das Buch ist sowohl f\u00fcr routinierte Hasen als auch f\u00fcr Neulinge in der Seminarf\u00fchrung ein gelungenes Weiterbildungs- und Nachschlagewerk, das mit Sicherheit Fr\u00fcchte tragen wird.&#8220;<br \/>\n<strong>Ulrich H. Haselau, Arbeitsgemeinschaft Jugendliteratur der GEW, M\u00e4rz 06<\/strong><\/p>\n<p>&#8222;Das Buch fordert heraus und ermutigt. Es ist ein Buch, das Du brauchst, ob Du nun Chef bist, eine Gruppe leitest oder in der Familie etwas bewegen m\u00f6chtest.&#8220;<br \/>\n<strong>Folkmagazin, J\u00e4nner 06<\/strong><\/p>\n<p>&#8222;Das Buch ist f\u00fcr LehrerInnen sehr anregend. Man sollte sich die Zeit nehmen, mit den angebotenen Informationen und \u00dcbungen die eigene Praxis zu reflektieren und neue Handlungsm\u00f6glichkeiten erproben.<br \/>\n<strong>Hubert Teml, P\u00e4daktuell, J\u00e4nner 06<\/strong><\/p>\n","protected":false},"excerpt":{"rendered":"<p>Widerstand als Motivation Herausforderungen konstruktiv nutzen. F\u00fcr Moderation, Teamtraining, Treamleitung, Coaching und Beratung. Mit Praxisbeispielen, Tipps und Methoden Die Beachtung von Widerst\u00e4nden, St\u00f6rungen und Demotivation wirkt l\u00f6send, und bringt Energien in Fluss. \u00d6kotopia Verlag, M\u00fcnster, 5. Auflage, 2018, ISBN 3-936286-75-2, Preis \u20ac 19,80 im pdf Gerne schicken wir dieses als\u2026<\/p>\n<p> <a class=\"continue-reading-link\" href=\"https:\/\/www.topseminare.at\/pl\/widerstand-als-motivation\/\"><span>weiterlesen<\/span><i class=\"crycon-right-dir\"><\/i><\/a> <\/p>\n","protected":false},"author":1,"featured_media":0,"parent":0,"menu_order":0,"comment_status":"closed","ping_status":"closed","template":"","meta":{"footnotes":""},"class_list":["post-227","page","type-page","status-publish","hentry"],"aioseo_notices":[],"_links":{"self":[{"href":"https:\/\/www.topseminare.at\/pl\/wp-json\/wp\/v2\/pages\/227","targetHints":{"allow":["GET"]}}],"collection":[{"href":"https:\/\/www.topseminare.at\/pl\/wp-json\/wp\/v2\/pages"}],"about":[{"href":"https:\/\/www.topseminare.at\/pl\/wp-json\/wp\/v2\/types\/page"}],"author":[{"embeddable":true,"href":"https:\/\/www.topseminare.at\/pl\/wp-json\/wp\/v2\/users\/1"}],"replies":[{"embeddable":true,"href":"https:\/\/www.topseminare.at\/pl\/wp-json\/wp\/v2\/comments?post=227"}],"version-history":[{"count":27,"href":"https:\/\/www.topseminare.at\/pl\/wp-json\/wp\/v2\/pages\/227\/revisions"}],"predecessor-version":[{"id":2532,"href":"https:\/\/www.topseminare.at\/pl\/wp-json\/wp\/v2\/pages\/227\/revisions\/2532"}],"wp:attachment":[{"href":"https:\/\/www.topseminare.at\/pl\/wp-json\/wp\/v2\/media?parent=227"}],"curies":[{"name":"wp","href":"https:\/\/api.w.org\/{rel}","templated":true}]}}