{"id":2265,"date":"2022-11-22T09:52:53","date_gmt":"2022-11-22T08:52:53","guid":{"rendered":"https:\/\/www.topseminare.at\/pl\/?page_id=2265"},"modified":"2025-11-04T08:32:45","modified_gmt":"2025-11-04T07:32:45","slug":"melodie-des-lebens","status":"publish","type":"page","link":"https:\/\/www.topseminare.at\/pl\/melodie-des-lebens\/","title":{"rendered":"Die Melodie des Lebens"},"content":{"rendered":"<p>&nbsp;<\/p>\n<h2>Die Melodie des Lebens<\/h2>\n<p><a href=\"https:\/\/www.topseminare.at\/pl\/kontakt\/\">Bestellformular f\u00fcr Interessierte<\/a><\/p>\n<p>DIE MELODIE DES LEBENS<br \/>\nIn 49 Gedichten und Fotos l\u00e4dt der Autor ein, der Vielfalt und Unermesslichkeit des Lebens meditativ zu begegnen. Pr\u00e4gnante Texte bestaunen die Kr\u00e4fte der freien Natur, ber\u00fchren Lebensfreude, Erotik und engagieren sich f\u00fcr ein faires Miteinander.<br \/>\nDie Texte und Bilder sind in 5 Abschnitte gegliedert:<br \/>\nVERBUNDEN, WACHSEN, ABGR\u00dcNDE, VERS\u00d6HNEN, LIEBEVOLL<br \/>\nInnsalz Verlag, ISBN 978-3-903321-95-3,<br \/>\nPreis <span style=\"color: #c10001;\">\u20ac 22,&#8211;<\/span><\/p>\n<p>\u201eAus Paul Lahningers Gedichten spricht tiefe Menschlichkeit. Seine Texte ber\u00fchren und ermutigen.\u201c<br \/>\nMartin Haidinger, ORF \u00d61<br \/>\n\u201eLahningers Gedichte zeigen neue Blickwinkel und vermitteln weise Einsichten.\u201c<br \/>\nGregor Auenhammer, derStandard<br \/>\n\u201eEin \u00e4sthetisches, beruhigendes und ermutigendes Buch. Gro\u00dfe Gedanken und tiefe Einblicke in das Wunder des Daseins, einfach und ohne Pathos vermittelt.\u201c<br \/>\nKlaus Marschner, Wien<\/p>\n<p><span style=\"color: #c10001;\">SPIELR\u00c4UME<br \/>\n<\/span>Das Licht ist beides: Welle und auch Teilchen.<br \/>\nUnd jedes Ding, das fest und ruhig ist,<br \/>\nbesteht aus Energie, die sich bewegt.<br \/>\nDer Widerspruch erscheint als Teil des Seins.<br \/>\nAls Menschen k\u00f6nnen wir uns selbst beschreiben,<br \/>\nund die Beschreibung macht etwas aus uns.<br \/>\nSo kann ich Dankbarkeit und Lebensfreude w\u00e4hlen<br \/>\nund schon davon zu sprechen tut mir gut.<br \/>\nIch ahne etwas von der Freiheit,<br \/>\ndie das Licht mir zeigt, das unverst\u00e4ndlich ist<br \/>\nund diese Welt erleuchtet<br \/>\nund beschenkt.<\/p>\n<p><span style=\"color: #c10001;\">EIN TEIL DES GANZEN<br \/>\n<\/span><sub>nach einer Meditation von Thich Nhat Hanha<\/sub><br \/>\nDu kannst wie eine Blume sein, die Sch\u00f6nheit schenkt,<br \/>\nauch wie ein Berg, der in sich selber ruht.<br \/>\nIn dir ist auch der endlos weite Raum,<br \/>\nin dem sich alles frei bewegen kann.<br \/>\nUnd wenn du Wasser bist,<br \/>\ndann spiegelst du das Licht.<\/p>\n<p><span style=\"color: #c10001;\">JAHRESZEITEN DER LIEBE<br \/>\n<\/span>Es war Herbst, als ich dir begegnet bin.<br \/>\nIch war jung und mein Kopf war im Nebel.<br \/>\nDenn obwohl ich verliebt war, ging ich davon<br \/>\nund der Winter war einsam und kalt.<br \/>\nDie Schneeschmelze schenkte mir noch eine Chance,<br \/>\nmit dir in den Fr\u00fchling zu gehen.<br \/>\nSo blieb ich bei Dir und du nahmst mich mit.<br \/>\nUnd seither genie\u00dfe ich<br \/>\ndie W\u00e4rme des Sommers.<br \/>\nDie Zeit steht oft still in der Liebe.<\/p>\n<p><span style=\"color: #c10001;\">\u00dcBERGANG<\/span><br \/>\nWenn etwas zu Ende geht,<br \/>\nbeginnt etwas Neues.<br \/>\nDurch die Tr\u00e4nen beim Abschied<br \/>\nwird etwas leichter und freier.<br \/>\nDas, was sich verschlie\u00dft,<br \/>\nkann sich etwas anderem \u00f6ffnen.<br \/>\nIm Ja zu allem, was kommt,<br \/>\nwird Angst zu Mut<br \/>\nund Trauern schenkt Frieden.<\/p>\n<p><span style=\"color: #c10001;\">VERS\u00d6HNUNG OHNE WORTE<\/span><br \/>\nIch wei\u00df, wie sehr dich das, was war, gekr\u00e4nkt hat.<br \/>\nWeil du mir wichtig bist, tut es mir leid.<br \/>\nDoch wenn ich jetzt versuche, alles zu erkl\u00e4ren,<br \/>\nrei\u00dfe ich die alte Wunde auf.<br \/>\nVielleicht braucht es keiner Worte, um sich zu vers\u00f6hnen.<br \/>\nSo sage ich nur: Ich habe dich lieb.<\/p>\n","protected":false},"excerpt":{"rendered":"<p>&nbsp; Die Melodie des Lebens Bestellformular f\u00fcr Interessierte DIE MELODIE DES LEBENS In 49 Gedichten und Fotos l\u00e4dt der Autor ein, der Vielfalt und Unermesslichkeit des Lebens meditativ zu begegnen. Pr\u00e4gnante Texte bestaunen die Kr\u00e4fte der freien Natur, ber\u00fchren Lebensfreude, Erotik und engagieren sich f\u00fcr ein faires Miteinander. Die Texte\u2026<\/p>\n<p> <a class=\"continue-reading-link\" href=\"https:\/\/www.topseminare.at\/pl\/melodie-des-lebens\/\"><span>weiterlesen<\/span><i class=\"crycon-right-dir\"><\/i><\/a> <\/p>\n","protected":false},"author":1,"featured_media":0,"parent":0,"menu_order":0,"comment_status":"closed","ping_status":"closed","template":"","meta":{"footnotes":""},"class_list":["post-2265","page","type-page","status-publish","hentry"],"aioseo_notices":[],"_links":{"self":[{"href":"https:\/\/www.topseminare.at\/pl\/wp-json\/wp\/v2\/pages\/2265","targetHints":{"allow":["GET"]}}],"collection":[{"href":"https:\/\/www.topseminare.at\/pl\/wp-json\/wp\/v2\/pages"}],"about":[{"href":"https:\/\/www.topseminare.at\/pl\/wp-json\/wp\/v2\/types\/page"}],"author":[{"embeddable":true,"href":"https:\/\/www.topseminare.at\/pl\/wp-json\/wp\/v2\/users\/1"}],"replies":[{"embeddable":true,"href":"https:\/\/www.topseminare.at\/pl\/wp-json\/wp\/v2\/comments?post=2265"}],"version-history":[{"count":13,"href":"https:\/\/www.topseminare.at\/pl\/wp-json\/wp\/v2\/pages\/2265\/revisions"}],"predecessor-version":[{"id":2526,"href":"https:\/\/www.topseminare.at\/pl\/wp-json\/wp\/v2\/pages\/2265\/revisions\/2526"}],"wp:attachment":[{"href":"https:\/\/www.topseminare.at\/pl\/wp-json\/wp\/v2\/media?parent=2265"}],"curies":[{"name":"wp","href":"https:\/\/api.w.org\/{rel}","templated":true}]}}