{"id":2224,"date":"2022-08-16T09:04:03","date_gmt":"2022-08-16T07:04:03","guid":{"rendered":"https:\/\/www.topseminare.at\/pl\/?page_id=2224"},"modified":"2022-08-23T11:11:15","modified_gmt":"2022-08-23T09:11:15","slug":"datenschutzerklaerung","status":"publish","type":"page","link":"https:\/\/www.topseminare.at\/pl\/datenschutzerklaerung\/","title":{"rendered":"Datenschutzerkl\u00e4rung"},"content":{"rendered":"[vc_row][vc_column][vc_column_text]\n<h1>Impressum<\/h1>\n<h2>Angaben gem\u00e4\u00df \u00a7 5 TMG:<\/h2>\n<p>Topseminare Paul Lahninger<br \/>\nAnbieter f\u00fcr Seminare, Coaching und Autor<br \/>\nS\u00fc\u00dfmayerstra\u00dfe 20<br \/>\n5020 Salzburg<\/p>\n<h2>Kontakt:<\/h2>\n<table>\n<tbody>\n<tr>\n<td>Telefon:<\/td>\n<td>+43662824777<\/td>\n<\/tr>\n<tr>\n<td>E-Mail:<\/td>\n<td>paul.lahninger@topseminare.at<\/td>\n<\/tr>\n<\/tbody>\n<\/table>\n<h2>Umsatzsteuer-ID:<\/h2>\n<p>Umsatzsteuer-Identifikationsnummer gem\u00e4\u00df \u00a727 a Umsatzsteuergesetz:<br \/>\nATU 49.396.808<\/p>\n<p>Berufsbezeichnung: Lebens- und Sozialberater<br \/>\nZust\u00e4ndige Kammer: Wirtschaftskammer<br \/>\nVerliehen durch: Salzburg<br \/>\nEs gelten folgende berufsrechtliche Regelungen: Personenberatung und Personenbetreuung<br \/>\nRegelungen einsehbar unter: <a title=\"www.wko.at\" href=\"\/www.wko.at\" target=\"_blank\" rel=\"noopener noreferrer\">www.wko.at<\/a><\/p>\n<h2>Angaben zur Berufshaftpflichtversicherung:<\/h2>\n<p>Name und Sitz der Gesellschaft:<\/p>\n<p>Generali, Markus-Sittikus-Stra\u00dfe 12, 5024 Salzburg<\/p>\n<p>Geltungsraum der Versicherung: weltweit<\/p>\n<h1>Datenschutzerkl\u00e4rung:<\/h1>\n<p>F\u00fcr ein bestm\u00f6gliches Nutzererlebnis setzen wir Cookies und andere Technologien wie Google Fonts ein. Diese sind technisch notwendig und erm\u00f6glichen grundlegende Funktionen und sind f\u00fcr den einwandfreien Betrieb unserer Website notwendig.<\/p>\n<p><strong>Datenschutzerkl\u00e4rung f\u00fcr die Nutzung von Google +1<\/strong><\/p>\n<p>Unsere Seiten nutzen Funktionen von Google +1. Anbieter ist die Google Inc. 1600 Amphitheatre Parkway Mountain View, CA 94043,\u00a0 USA.<\/p>\n<p>Erfassung und Weitergabe von Informationen: Mithilfe der Google +1-Schaltfl\u00e4che k\u00f6nnen Sie Informationen weltweit ver\u00f6ffentlichen. \u00fcber die Google +1-Schaltfl\u00e4che erhalten Sie und andere Nutzer personalisierte Inhalte von Google und unseren Partnern. Google speichert sowohl die Information, dass Sie f\u00fcr einen Inhalt +1 gegeben haben, als auch Informationen \u00fcber die Seite, die Sie beim Klicken auf +1 angesehen haben. Ihre +1 k\u00f6nnen als Hinweise zusammen mit Ihrem Profilnamen und Ihrem Foto in Google-Diensten, wie etwa in Suchergebnissen oder in Ihrem Google-Profil, oder an anderen Stellen auf Websites und Anzeigen im Internet eingeblendet werden. Google zeichnet Informationen \u00fcber Ihre +1-Aktivit\u00e4ten auf, um die Google-Dienste f\u00fcr Sie und andere zu verbessern. Um die Google +1-Schaltfl\u00e4che verwenden zu k\u00f6nnen, ben\u00f6tigen Sie ein weltweit sichtbares, \u00f6ffentliches Google-Profil, das zumindest den f\u00fcr das Profil gew\u00e4hlten Namen enthalten muss. Dieser Name wird in allen Google-Diensten verwendet. In manchen F\u00e4llen kann dieser Name auch einen anderen Namen ersetzen, den Sie beim Teilen von Inhalten \u00fcber Ihr Google-Konto verwendet haben. Die Identit\u00e4t Ihres Google- Profils kann Nutzern angezeigt werden, die Ihre E-Mail-Adresse kennen oder \u00fcber andere identifizierende Informationen von Ihnen verf\u00fcgen.<\/p>\n<p>Verwendung der erfassten Informationen: Neben den oben erl\u00e4uterten Verwendungszwecken werden die von Ihnen bereitgestellten Informationen gem\u00e4\u00df den geltenden Google-Datenschutzbestimmungen genutzt. Google ver\u00f6ffentlicht m\u00f6glicherweise zusammengefasste Statistiken \u00fcber die +1-Aktivit\u00e4ten der Nutzer bzw. gibt diese an Nutzer und Partner weiter, wie etwa Publisher, Inserenten oder verbundene Websites.<\/p>\n<p><strong>Google Fonts<\/strong><br \/>\nUnsere Website verwendet Schriftarten von \u201eGoogle Fonts\u201c. Der Dienstanbieter dieser Funktion ist:<\/p>\n<p>Google Ireland Limited Gordon House, Barrow Street Dublin 4. Ireland<br \/>\nTel: +353 1 543 1000<\/p>\n<p>Beim Aufrufen dieser Webseite l\u00e4dt Ihr Browser Schriftarten und speichert diese in den Cache. Da Sie, als Besucher der Webseite, Daten des Dienstanbieters empfangen kann Google unter Umst\u00e4nden Cookies auf Ihrem Rechner setzen oder analysieren.<\/p>\n<p>Die Nutzung von \u201eGoogle-Fonts\u201c dient der Optimierung unserer Dienstleistung und der einheitlichen Darstellung von Inhalten. Dies stellt ein berechtigtes Interesse im Sinne von Art. 6 Abs. 1 lit. f DSGVO dar.<\/p>\n<p>Weitere Informationen zu Google Fonts erhalten Sie unter folgendem Link:<\/p>\n<p>https:\/\/developers.google.com\/fonts\/faq<br \/>\nWeitere Informationen \u00fcber den Umgang mit Nutzerdaten von Google k\u00f6nnen Sie der Datenschutzerkl\u00e4rung entnehmen:<\/p>\n<p>https:\/\/policies.google.com\/privacy?hl=de .<br \/>\nGoogle verarbeitet die Daten auch in den USA, hat sich jedoch dem<br \/>\nEU-US Privacy-Shield unterworfen.<\/p>\n<p>https:\/\/www.privacyshield.gov\/EU-US-Framework<\/p>\n<p><strong>Datenschutzerkl\u00e4rung f\u00fcr die Nutzung von YouTube<\/strong><\/p>\n<p>Unsere Webseite nutzt Plugins der von Google betriebenen Seite YouTube. Betreiber der Seiten ist die YouTube, LLC, 901 Cherry Ave., San Bruno, CA 94066, USA. Wenn Sie eine unserer mit einem YouTube-Plugin ausgestatteten Seiten besuchen, wird eine Verbindung zu den Servern von YouTube hergestellt. Dabei wird dem Youtube-Server mitgeteilt, welche unserer Seiten Sie besucht haben.<br \/>\nWenn Sie in Ihrem YouTube-Account eingeloggt sind erm\u00f6glichen Sie YouTube, Ihr Surfverhalten direkt Ihrem pers\u00f6nlichen Profil zuzuordnen. Dies k\u00f6nnen Sie verhindern, indem Sie sich aus Ihrem YouTube-Account ausloggen.<\/p>\n<p>Weitere Informationen zum Umgang von Nutzerdaten finden Sie in der Datenschutzerkl\u00e4rung von YouTube unter <a href=\"https:\/\/www.google.de\/intl\/de\/policies\/privacy\">https:\/\/www.google.de\/intl\/de\/policies\/privacy<\/a><\/p>\n<p><strong>Kontaktformular<\/strong><\/p>\n<p>Wenn Sie uns per Kontaktformular Anfragen oder Bestellungen schicken, speichern wir Ihre Kontaktdaten und informieren Sie, bis auf Widerruf, ca 2 x j\u00e4hrlich \u00fcber neue Methoden, Publikationen und Fortbildungen. Ihre Daten geben wir selbstverst\u00e4ndlich niemals weiter.<br \/>\nDatenbeauftragte: Heidi Voggenberger<br \/>\nWir speichern:<br \/>\nName, Adresse und Bestellung bzw. Teilnahme an einem Seminar mit Datum bis auf Widerruf (Mail: \u201eDaten bitte l\u00f6schen!\u201c gen\u00fcgt).<br \/>\nWir garantieren, dass durch unsere sorgsame Datenverarbeitung kein Risiko f\u00fcr Rechte und Freiheiten der Betroffenen entsteht, insbesondere da wir keine besonders schutzw\u00fcrdigen Daten verarbeiten. Die Daten sind am PC mittels Passwort und Firewall gesichert.<br \/>\nIhnen stehen grunds\u00e4tzlich die Rechte auf Auskunft, Berichtigung, L\u00f6schung, Einschr\u00e4nkung, Daten\u00fcbertragbarkeit, Widerruf und Widerspruch zu. Wenn Sie glauben, dass die Verarbeitung Ihrer Daten gegen das Datenschutzrecht verst\u00f6\u00dft oder Ihre datenschutzrechtlichen Anspr\u00fcche sonst in einer Weise verletzt worden sind, k\u00f6nnen Sie sich bei der Aufsichtsbeh\u00f6rde beschweren. In \u00d6sterreich ist dies die Datenschutzbeh\u00f6rde.<\/p>\n<p><strong>Cookies<\/strong><\/p>\n<p>Wir nutzen Cookies, um unsere Webseite nutzerfreundlicher zu gestalten. Einige Cookies bleiben auf Ihrem Endger\u00e4t gespeichert, bis Sie diese l\u00f6schen. Sie erm\u00f6glichen es uns, Ihren Browser beim n\u00e4chsten Besuch wiederzuerkennen.<br \/>\nCookie Einstellungen sehen und Cookies l\u00f6schen<br \/>\nWenn Sie feststellen m\u00f6chten, welche Cookies in Ihrem Browser gespeichert wurden, Cookie-Einstellungen \u00e4ndern oder Cookies l\u00f6schen m\u00f6chten, k\u00f6nnen Sie dies in Ihren Browser-Einstellungen finden.<\/p>\n<p><strong>TLS-Verschl\u00fcsselung mit https<\/strong><\/p>\n<p>Wir verwenden https um Daten abh\u00f6rsicher im Internet zu \u00fcbertragen (Datenschutz durch Technikgestaltung Artikel 25 Absatz 1 DSGVO). Durch den Einsatz von TLS (Transport Layer Security), einem Verschl\u00fcsselungsprotokoll zur sicheren Daten\u00fcbertragung im Internet k\u00f6nnen wir den Schutz vertraulicher Daten sicherstellen. Sie erkennen die Benutzung dieser Absicherung der Daten\u00fcbertragung am kleinen Schlo\u00dfsymbol links oben im Browser und der Verwendung des Schemas https (anstatt http) als Teil unserer Internetadresse.<\/p>\n<p>Quelle: <em><a href=\"https:\/\/www.e-recht24.de\">https:\/\/www.e-recht24.de<\/a><\/em>[\/vc_column_text][\/vc_column][\/vc_row]\n","protected":false},"excerpt":{"rendered":"<p>[vc_row][vc_column][vc_column_text] Impressum Angaben gem\u00e4\u00df \u00a7 5 TMG: Topseminare Paul Lahninger Anbieter f\u00fcr Seminare, Coaching und Autor S\u00fc\u00dfmayerstra\u00dfe 20 5020 Salzburg Kontakt: Telefon: +43662824777 E-Mail: paul.lahninger@topseminare.at Umsatzsteuer-ID: Umsatzsteuer-Identifikationsnummer gem\u00e4\u00df \u00a727 a Umsatzsteuergesetz: ATU 49.396.808 Berufsbezeichnung: Lebens- und Sozialberater Zust\u00e4ndige Kammer: Wirtschaftskammer Verliehen durch: Salzburg Es gelten folgende berufsrechtliche Regelungen: Personenberatung und\u2026<\/p>\n<p> <a class=\"continue-reading-link\" href=\"https:\/\/www.topseminare.at\/pl\/datenschutzerklaerung\/\"><span>weiterlesen<\/span><i class=\"crycon-right-dir\"><\/i><\/a> <\/p>\n","protected":false},"author":1,"featured_media":0,"parent":0,"menu_order":0,"comment_status":"closed","ping_status":"closed","template":"","meta":{"footnotes":""},"class_list":["post-2224","page","type-page","status-publish","hentry"],"aioseo_notices":[],"_links":{"self":[{"href":"https:\/\/www.topseminare.at\/pl\/wp-json\/wp\/v2\/pages\/2224","targetHints":{"allow":["GET"]}}],"collection":[{"href":"https:\/\/www.topseminare.at\/pl\/wp-json\/wp\/v2\/pages"}],"about":[{"href":"https:\/\/www.topseminare.at\/pl\/wp-json\/wp\/v2\/types\/page"}],"author":[{"embeddable":true,"href":"https:\/\/www.topseminare.at\/pl\/wp-json\/wp\/v2\/users\/1"}],"replies":[{"embeddable":true,"href":"https:\/\/www.topseminare.at\/pl\/wp-json\/wp\/v2\/comments?post=2224"}],"version-history":[{"count":3,"href":"https:\/\/www.topseminare.at\/pl\/wp-json\/wp\/v2\/pages\/2224\/revisions"}],"predecessor-version":[{"id":2230,"href":"https:\/\/www.topseminare.at\/pl\/wp-json\/wp\/v2\/pages\/2224\/revisions\/2230"}],"wp:attachment":[{"href":"https:\/\/www.topseminare.at\/pl\/wp-json\/wp\/v2\/media?parent=2224"}],"curies":[{"name":"wp","href":"https:\/\/api.w.org\/{rel}","templated":true}]}}