{"id":191,"date":"2016-05-10T11:07:05","date_gmt":"2016-05-10T09:07:05","guid":{"rendered":"http:\/\/www.topseminare.at\/wordpress\/?page_id=191"},"modified":"2026-02-03T16:34:19","modified_gmt":"2026-02-03T15:34:19","slug":"kontakt","status":"publish","type":"page","link":"https:\/\/www.topseminare.at\/pl\/kontakt\/","title":{"rendered":"Kontakt mit Paul Lahninger Topseminare"},"content":{"rendered":"<h1>Kontakt<\/h1>\n<p>Wenn Sie uns per Kontaktformular Anfragen oder Bestellungen schicken, speichern wir Ihre Kontaktdaten und informieren Sie, bis auf Widerruf, ca 2 x j\u00e4hrlich \u00fcber neue Methoden, Publikationen und Fortbildungen. Ihre Daten geben wir selbstverst\u00e4ndlich niemals weiter.<\/p>\n<p><strong>Datenbeauftragte:<\/strong> Heidi Voggenberger<\/p>\n<p><strong>Wir speichern:<\/strong><br \/>\nName, Adresse und Bestellung bzw. Teilnahme an einem Seminar mit Datum bis auf Widerruf <em>(Mail: \u201eDaten bitte l\u00f6schen!\u201c gen\u00fcgt)<\/em>.<\/p>\n<p>Wir garantieren, dass durch unsere sorgsame Datenverarbeitung kein Risiko f\u00fcr Rechte und Freiheiten der Betroffenen entsteht, insbesondere da wir keine besonders schutzw\u00fcrdigen Daten verarbeiten.<\/p>\n<p>&nbsp;<\/p>\n<p>&nbsp;<\/p>\n<p><strong> \n<div class=\"wpcf7 no-js\" id=\"wpcf7-f429-o1\" lang=\"de-DE\" dir=\"ltr\" data-wpcf7-id=\"429\">\n<div class=\"screen-reader-response\"><p role=\"status\" aria-live=\"polite\" aria-atomic=\"true\"><\/p> <ul><\/ul><\/div>\n<form action=\"\/pl\/wp-json\/wp\/v2\/pages\/191#wpcf7-f429-o1\" method=\"post\" class=\"wpcf7-form init\" aria-label=\"Kontaktformular\" novalidate=\"novalidate\" data-status=\"init\">\n<fieldset class=\"hidden-fields-container\"><input type=\"hidden\" name=\"_wpcf7\" value=\"429\" \/><input type=\"hidden\" name=\"_wpcf7_version\" value=\"6.1.4\" \/><input type=\"hidden\" name=\"_wpcf7_locale\" value=\"de_DE\" \/><input type=\"hidden\" name=\"_wpcf7_unit_tag\" value=\"wpcf7-f429-o1\" \/><input type=\"hidden\" name=\"_wpcf7_container_post\" value=\"0\" \/><input type=\"hidden\" name=\"_wpcf7_posted_data_hash\" value=\"\" \/><input type=\"hidden\" name=\"_wpcf7_recaptcha_response\" value=\"\" \/>\n<\/fieldset>\n<div class=\"cf7-grid\">\n\t<div class=\"col\">\n\t\t<p>Ihr Name (Pflichtfeld)\n\t\t<\/p>\n\t\t<p><span class=\"wpcf7-form-control-wrap\" data-name=\"your-name\"><input size=\"40\" maxlength=\"400\" class=\"wpcf7-form-control wpcf7-text wpcf7-validates-as-required\" aria-required=\"true\" aria-invalid=\"false\" value=\"\" type=\"text\" name=\"your-name\" \/><\/span>\n\t\t<\/p>\n\t\t<p>Stra\u00dfe\n\t\t<\/p>\n\t\t<p><span class=\"wpcf7-form-control-wrap\" data-name=\"text-946\"><input size=\"40\" maxlength=\"400\" class=\"wpcf7-form-control wpcf7-text\" aria-invalid=\"false\" value=\"\" type=\"text\" name=\"text-946\" \/><\/span>\n\t\t<\/p>\n\t\t<p>Postleitzahl\n\t\t<\/p>\n\t\t<p><span class=\"wpcf7-form-control-wrap\" data-name=\"number-997\"><input class=\"wpcf7-form-control wpcf7-number wpcf7-validates-as-number\" aria-invalid=\"false\" value=\"\" type=\"number\" name=\"number-997\" \/><\/span>\n\t\t<\/p>\n\t\t<p>Ort\n\t\t<\/p>\n\t\t<p><span class=\"wpcf7-form-control-wrap\" data-name=\"url-112\"><input size=\"40\" maxlength=\"400\" class=\"wpcf7-form-control wpcf7-text\" aria-invalid=\"false\" value=\"\" type=\"text\" name=\"url-112\" \/><\/span>\n\t\t<\/p>\n\t<\/div>\n\t<div class=\"col\">\n\t\t<p>Tel. Nr.\n\t\t<\/p>\n\t\t<p><span class=\"wpcf7-form-control-wrap\" data-name=\"tel-224\"><input size=\"40\" maxlength=\"400\" class=\"wpcf7-form-control wpcf7-tel wpcf7-text wpcf7-validates-as-tel\" aria-invalid=\"false\" value=\"\" type=\"tel\" name=\"tel-224\" \/><\/span>\n\t\t<\/p>\n\t\t<p>Land\n\t\t<\/p>\n\t\t<p><span class=\"wpcf7-form-control-wrap\" data-name=\"menu-529\"><select class=\"wpcf7-form-control wpcf7-select\" aria-invalid=\"false\" name=\"menu-529\"><option value=\"\u00d6sterreich\">\u00d6sterreich<\/option><option value=\"Deutschland\">Deutschland<\/option><option value=\"Schweiz\">Schweiz<\/option><\/select><\/span>\n\t\t<\/p>\n\t\t<p>Ihre E-Mail-Adresse (Pflichtfeld)\n\t\t<\/p>\n\t\t<p><span class=\"wpcf7-form-control-wrap\" data-name=\"your-email\"><input size=\"40\" maxlength=\"400\" class=\"wpcf7-form-control wpcf7-email wpcf7-validates-as-required wpcf7-text wpcf7-validates-as-email\" aria-required=\"true\" aria-invalid=\"false\" value=\"\" type=\"email\" name=\"your-email\" \/><\/span>\n\t\t<\/p>\n\t\t<p>Betreff (Pflichtfeld)\n\t\t<\/p>\n\t\t<p><span class=\"wpcf7-form-control-wrap\" data-name=\"Betreff\"><select class=\"wpcf7-form-control wpcf7-select\" aria-invalid=\"false\" name=\"Betreff\"><option value=\"...\">...<\/option><\/select><\/span>\n\t\t<\/p>\n\t<\/div>\n<\/div>\n<p>Ihre Nachricht\n<\/p>\n<p><span class=\"wpcf7-form-control-wrap\" data-name=\"your-message\"><textarea cols=\"40\" rows=\"10\" maxlength=\"2000\" class=\"wpcf7-form-control wpcf7-textarea\" aria-invalid=\"false\" name=\"your-message\"><\/textarea><\/span>\n<\/p>\n\n<p><input class=\"wpcf7-form-control wpcf7-submit has-spinner\" type=\"submit\" value=\"Senden\" \/>\n<\/p><div class=\"wpcf7-response-output\" aria-hidden=\"true\"><\/div>\n<\/form>\n<\/div>\n<\/strong><\/p>\n<p>&nbsp;<\/p>\n","protected":false},"excerpt":{"rendered":"<p>Kontakt Wenn Sie uns per Kontaktformular Anfragen oder Bestellungen schicken, speichern wir Ihre Kontaktdaten und informieren Sie, bis auf Widerruf, ca 2 x j\u00e4hrlich \u00fcber neue Methoden, Publikationen und Fortbildungen. Ihre Daten geben wir selbstverst\u00e4ndlich niemals weiter. Datenbeauftragte: Heidi Voggenberger Wir speichern: Name, Adresse und Bestellung bzw. Teilnahme an einem\u2026<\/p>\n<p> <a class=\"continue-reading-link\" href=\"https:\/\/www.topseminare.at\/pl\/kontakt\/\"><span>weiterlesen<\/span><i class=\"crycon-right-dir\"><\/i><\/a> <\/p>\n","protected":false},"author":1,"featured_media":0,"parent":0,"menu_order":0,"comment_status":"closed","ping_status":"closed","template":"","meta":{"footnotes":""},"class_list":["post-191","page","type-page","status-publish","hentry"],"aioseo_notices":[],"_links":{"self":[{"href":"https:\/\/www.topseminare.at\/pl\/wp-json\/wp\/v2\/pages\/191","targetHints":{"allow":["GET"]}}],"collection":[{"href":"https:\/\/www.topseminare.at\/pl\/wp-json\/wp\/v2\/pages"}],"about":[{"href":"https:\/\/www.topseminare.at\/pl\/wp-json\/wp\/v2\/types\/page"}],"author":[{"embeddable":true,"href":"https:\/\/www.topseminare.at\/pl\/wp-json\/wp\/v2\/users\/1"}],"replies":[{"embeddable":true,"href":"https:\/\/www.topseminare.at\/pl\/wp-json\/wp\/v2\/comments?post=191"}],"version-history":[{"count":25,"href":"https:\/\/www.topseminare.at\/pl\/wp-json\/wp\/v2\/pages\/191\/revisions"}],"predecessor-version":[{"id":2694,"href":"https:\/\/www.topseminare.at\/pl\/wp-json\/wp\/v2\/pages\/191\/revisions\/2694"}],"wp:attachment":[{"href":"https:\/\/www.topseminare.at\/pl\/wp-json\/wp\/v2\/media?parent=191"}],"curies":[{"name":"wp","href":"https:\/\/api.w.org\/{rel}","templated":true}]}}