{"id":186,"date":"2016-05-10T10:55:42","date_gmt":"2016-05-10T08:55:42","guid":{"rendered":"http:\/\/www.topseminare.at\/wordpress\/?page_id=186"},"modified":"2026-02-12T11:14:38","modified_gmt":"2026-02-12T10:14:38","slug":"leiten-praesentieren-moderieren","status":"publish","type":"page","link":"https:\/\/www.topseminare.at\/pl\/leiten-praesentieren-moderieren\/","title":{"rendered":"leiten &#8211; pr\u00e4sentieren &#8211; moderieren, Arbeits- und Methodenbuch"},"content":{"rendered":"<h2>leiten &#8211; pr\u00e4sentieren &#8211; moderieren:<\/h2>\n<p>nach 30 000 verkauften Exemplaren ausverkauft<\/p>\n<h3>Paul Lahninger:<\/h3>\n<p>leiten, pr\u00e4sentieren, moderieren,<br \/>\nArbeits- und Methodenbuch f\u00fcr Teamentwicklung<br \/>\nund qualifizierte Aus- und Weiterbildung<\/p>\n<p>\u00d6kotopia-Verlag, M\u00fcnster, 7. Auflage 2010<br \/>\nRingordner mit Register, Overheadfolien und Kopiervorlagen, 280 Seiten<br \/>\nISBN: 3-931902-20-X<\/p>\n<h3>Leseproben:<\/h3>\n<ul id=\"pfeilliste\">\n<li><a href=\"https:\/\/www.topseminare.at\/pdf\/s10.pdf\">F\u00fchrungspers\u00f6nlichkeit S10<\/a><\/li>\n<li><a href=\"https:\/\/www.topseminare.at\/pdf\/s38.pdf\">Feedbackregeln S 38<\/a><\/li>\n<li><a href=\"https:\/\/www.topseminare.at\/pdf\/s141.pdf\">Konflikte bearbeiten S 141<\/a><a href=\"https:\/\/www.topseminare.at\/pdf\/s141.pdf\">\u00a0<\/a><\/li>\n<li><a href=\"https:\/\/www.topseminare.at\/pdf\/s212.pdf\">Fragebogen davor S 212<\/a><a href=\"https:\/\/www.topseminare.at\/pdf\/s212.pdf\">\u00a0<\/a><\/li>\n<li><a href=\"https:\/\/www.topseminare.at\/pdf\/s255.pdf\">Kollegiale Beratung S 255<\/a><a href=\"https:\/\/www.topseminare.at\/pdf\/s255.pdf\">\u00a0<\/a><\/li>\n<\/ul>\n<h3 class=\"bestellung bild_links\">7 Bausteine:<\/h3>\n<ul id=\"bausteine\">\n<li>1 Autorit\u00e4t wahrnehmen<\/li>\n<li>2 Kommunikation verbessern<\/li>\n<li>3 Motivation f\u00f6rdern<\/li>\n<li>4 Konflikte managen<\/li>\n<li>5 Rhetorik entfalten<\/li>\n<li>6 Gezielt vorbereiten<\/li>\n<li>7 Methodisch gestalten<\/li>\n<li>Praxisbeispiele, Overheadfolien<\/li>\n<\/ul>\n<h4>R\u00fcckmeldungen zum Buch:<\/h4>\n<p>&#8222;&#8230; arbeiten unsere Moderator-Innen und Seminarleiter-Innen seit l\u00e4ngerer Zeit und sind von der Struktur des Buchs und den vorgestellten Methoden mehr als \u00fcberzeugt. Die Gliederung ist \u00fcbersichtlich, einzelne Module und Seiten lassen sich problemlos aus dem Ringbuchordner nehmen, um sie auch im Seminar oder der Moderation dabei zu haben, ohne den gesamten Ordner mitnehmen zu m\u00fcssen. Die Methoden sind pr\u00e4gnant, \u00fcbersichtlich und praktikabel.<br \/>\n<strong>Institut f\u00fcr interdisziplin\u00e4re Beratung und interkulturelle Seminare<\/strong><b> <a href=\"http:\/\/www.ibis-institut.de\/\">(www.ibis-institut.de)<\/a><\/b><\/p>\n<p>&#8222;&#8230;fordert zum Selbststudium auf, regt zur Selbstreflexion an, gibt Handwerkszeug, um erfolgreich zu leiten&#8230;&#8220;<br \/>\n<strong>Angela Kieninger, Trainerbuch aktuell &#8211; Manager Seminare Feb 2001<\/strong><\/p>\n<p>&#8222;&#8230;eine au\u00dfergew\u00f6hnliche Ausnahme zur \u00fcblichen Ratgebergattung, breite Methodenvielfalt, didaktisch \u00fcberaus verst\u00e4ndlich!&#8220;<br \/>\n<strong>S\u00fcddeutsche Zeitung Mai 1999<\/strong><\/p>\n<p>&#8222;&#8230;ein hervorragendes Werkzeug f\u00fcr die Bildungsarbeit&#8230;&#8220;<br \/>\n<strong>Informationen f\u00fcr KursleiterInnen, VHS M\u00fcnchen, J\u00fcrgen Kleindiek<\/strong><\/p>\n<p>&#8222;&#8230;ein lesenswerter Ratgeber in gelungener Verbindung von Theorie und Praxis mit gutem Preis-Leistungs-Verh\u00e4ltnis &#8230;&#8220;<br \/>\n<strong>IQ Magazin-Seminarf\u00fchrer, Niederkassel<\/strong><\/p>\n<p>&#8222;&#8230;Sehr empfehlenswert&#8230;&#8220;<br \/>\n<strong>Dr. Eichler Tools, Fachzeitschrift f\u00fcr Erwachsenenbildung<\/strong><\/p>\n<p>&#8222;&#8230;ich f\u00fchle mich angezogen von der Werthaltung, die in allen Zeilen des Buches sp\u00fcrbar wird&#8230;&#8220;<br \/>\n<strong>Dr. Frankl-Althoff, Diplompsychologin, K\u00f6nigsbr\u00fcck, Deutschland<\/strong><\/p>\n<p>&#8222;&#8230;Das Standardwert, derzeit das N\u00fctzlichste auf dem Markt p\u00e4dagogischer Literatur&#8230;&#8220;<br \/>\n<strong>Mag. Angelika Kaufmann, Universit\u00e4t Salzburg<\/strong><\/p>\n<p>&#8222;&#8230;endlich wieder methodisch wirklich Neues&#8230;&#8220;<br \/>\n<strong>Mag. Christa Renoldner, Supervisorin, Mattighofen<\/strong><\/p>\n<p>&#8222;&#8230;das Buch ist sowohl f\u00fcr NeueinsteigerInnen als auch f\u00fcr Profis eine wertvolle Unterst\u00fctzung&#8230;.&#8220;<br \/>\n<strong>Dez. 99, Berg Gladbach, Birkenbihl-Media, Deutschland<\/strong><\/p>\n<p>&#8222;&#8230;ganz hervorragend! Das Beste seit Jahren in diesem Bereich. Ich bin wirklich begeistert&#8230;&#8220;<br \/>\n<strong>Klemens Boesing, Trainer &amp; Projektmanager, N\u00fcrnberg<\/strong><\/p>\n<p>&#8222;&#8230;ein tolles Nachschlagewert mit Tiefgang, das ich immer wieder gerne zur Hand nehme. Klare Strukturen und ein respektvolles Menschenbild.&#8220;<br \/>\n<strong>Annette Beichl, Teamleiterin, Oberried, Schweiz<\/strong><\/p>\n<p>&#8222;&#8230;wertvolle Unterst\u00fctzung auch f\u00fcr erfahrene Trainer. Sehr praxisnah und vielf\u00e4ltig.&#8220;<br \/>\n<strong>Mauro Bazzanella, Landessekret\u00e4r Gewerkschaft S\u00fcdtirol, Italien<\/strong><\/p>\n<p>&#8222;&#8230;ein Meilenstein in der Fachliteratur f\u00fcr Leitungsaufgaben!&#8220;<br \/>\n<strong>Johannes Rieder, Arbeitsgemeinschaft Direktoren, N\u00d6<\/strong><\/p>\n<p>&#8222;Das Arbeits- und Methodenbuch hat mich um viele innere Meilen weitergebracht. &#8211; Ein guter Tipp!&#8220;<br \/>\n<strong>Petra Kr\u00f6nner, Kreativit\u00e4tstrainerin und Designerin, Kiefersfelden<\/strong><\/p>\n<p>&#8222;Ein einzigartiges Buch, in dem ich zu fast allen Seminarthemen Anregungen oder tiefergehendes Material finde.&#8220;<br \/>\n<strong>Anke Arndt-Storl, Trainerin, anke.arndt-storl@web.de<\/strong><\/p>\n","protected":false},"excerpt":{"rendered":"<p>leiten &#8211; pr\u00e4sentieren &#8211; moderieren: nach 30 000 verkauften Exemplaren ausverkauft Paul Lahninger: leiten, pr\u00e4sentieren, moderieren, Arbeits- und Methodenbuch f\u00fcr Teamentwicklung und qualifizierte Aus- und Weiterbildung \u00d6kotopia-Verlag, M\u00fcnster, 7. Auflage 2010 Ringordner mit Register, Overheadfolien und Kopiervorlagen, 280 Seiten ISBN: 3-931902-20-X Leseproben: F\u00fchrungspers\u00f6nlichkeit S10 Feedbackregeln S 38 Konflikte bearbeiten S\u2026<\/p>\n<p> <a class=\"continue-reading-link\" href=\"https:\/\/www.topseminare.at\/pl\/leiten-praesentieren-moderieren\/\"><span>weiterlesen<\/span><i class=\"crycon-right-dir\"><\/i><\/a> <\/p>\n","protected":false},"author":1,"featured_media":0,"parent":0,"menu_order":0,"comment_status":"closed","ping_status":"closed","template":"","meta":{"footnotes":""},"class_list":["post-186","page","type-page","status-publish","hentry"],"aioseo_notices":[],"_links":{"self":[{"href":"https:\/\/www.topseminare.at\/pl\/wp-json\/wp\/v2\/pages\/186","targetHints":{"allow":["GET"]}}],"collection":[{"href":"https:\/\/www.topseminare.at\/pl\/wp-json\/wp\/v2\/pages"}],"about":[{"href":"https:\/\/www.topseminare.at\/pl\/wp-json\/wp\/v2\/types\/page"}],"author":[{"embeddable":true,"href":"https:\/\/www.topseminare.at\/pl\/wp-json\/wp\/v2\/users\/1"}],"replies":[{"embeddable":true,"href":"https:\/\/www.topseminare.at\/pl\/wp-json\/wp\/v2\/comments?post=186"}],"version-history":[{"count":16,"href":"https:\/\/www.topseminare.at\/pl\/wp-json\/wp\/v2\/pages\/186\/revisions"}],"predecessor-version":[{"id":2711,"href":"https:\/\/www.topseminare.at\/pl\/wp-json\/wp\/v2\/pages\/186\/revisions\/2711"}],"wp:attachment":[{"href":"https:\/\/www.topseminare.at\/pl\/wp-json\/wp\/v2\/media?parent=186"}],"curies":[{"name":"wp","href":"https:\/\/api.w.org\/{rel}","templated":true}]}}