{"id":1848,"date":"2019-12-18T11:13:00","date_gmt":"2019-12-18T10:13:00","guid":{"rendered":"https:\/\/www.topseminare.at\/pl\/?page_id=1848"},"modified":"2025-11-04T08:37:07","modified_gmt":"2025-11-04T07:37:07","slug":"everyday-for-future","status":"publish","type":"page","link":"https:\/\/www.topseminare.at\/pl\/everyday-for-future\/","title":{"rendered":"everyday for future"},"content":{"rendered":"<h2>Everyday for FUTURE<\/h2>\n<p>&nbsp;<\/p>\n<p><iframe loading=\"lazy\" src=\"\/\/www.youtube.com\/embed\/R0nWulcoGbU\" width=\"560\" height=\"314\" allowfullscreen=\"allowfullscreen\"><\/iframe><\/p>\n<p><a href=\"https:\/\/www.topseminare.at\/pdf\/HALLELUJA Fridays Text.pdf\">Text zum Lied als pdf.<\/a><\/p>\n<p>Anregungen f\u00fcr ein \u00f6kologisch vertr\u00e4gliches Leben, auch im Sinne meines Engagements bei fridays for FUTURE.<\/p>\n<p><strong>BEHARRLICH ZUVERSICHTLICH<\/strong><br \/>\nPaul Lahninger<\/p>\n<p>Ich lass mir die Hoffnung nicht nehmen<br \/>\nauf eine bessere Welt.<br \/>\nIch lass mich von niemandem l\u00e4hmen,<br \/>\ndem die Kraft zur Verantwortung fehlt.<\/p>\n<p>Ich m\u00f6chte der Menschheit vertrauen<br \/>\n(die Schwarzmaler haben geirrt),<br \/>\nwill mit euch eine Zukunft erbauen,<br \/>\ndie fairer und menschlicher wird.<\/p>\n<p>Ich will meinen Enkeln erz\u00e4hlen:<br \/>\n\u201eZerst\u00f6rung und Raubbau sind endlich vorbei!\u201c<\/p>\n<p>Ich will heute Achtsamkeit w\u00e4hlen,<br \/>\nNatur<span style=\"text-decoration: line-through;\">&#8211;<\/span>nah, vers\u00f6hnlich und frei,<br \/>\n\u2026 ich lass mich von Tr\u00e4umen beseelen.<\/p>\n<p><a href=\"https:\/\/topseminare.at\/pdf\/Alles k\u00f6nnte anders sein.pdf\">Alles k\u00f6nnte anders sein &#8211; Harald Welzer + Selbstreflexion als pdf<\/a><\/p>\n<p><a href=\"https:\/\/topseminare.at\/pdf\/\u00d6KO-ENGAGEMENT - SELBSTREFLEXION.pdf\">Reflexionsbogen zum \u00d6ko-Engagement als pdf<\/a><\/p>\n<p>Es ist uns viel WERT,<br \/>\ndie Welt lebenswerter zu machen,<br \/>\ndie Erde f\u00fcr (unsere) Kinder belebbar zu erhalten.<\/p>\n<p>Die Menschheit steht am Scheideweg:<br \/>\nMegakrise oder umfassende Verantwortung. Jede Person wirkt mit.<\/p>\n<p>Ein gutes Gef\u00fchl, Teil der L\u00f6sung zu sein.<br \/>\nIch \u00fcbernehme Verantwortung f\u00fcr die Auswirkungen meines Lebensstils:<\/p>\n<ul>\n<li>Orientiert am \u00f6kologischen Fu\u00dfabdruck: in vertr\u00e4glichem Konsum (wenig Fleisch, wenig Autofahren, wenig Flugreisen)<\/li>\n<li>Ich genie\u00dfe lokale Dienstleistungen und Nahversorgung und konsumiere m\u00f6glichst wenige G\u00fcter, die von B\u00f6rsen notierten Konzernen produziert werden (meist ausbeuterisch, oft mit Kinderarbeit, oft \u00f6kologisch r\u00fccksichtslos).<\/li>\n<li>Ich unterst\u00fctze gemeinwohlorientierte Banken (und vermeide Bankangebote, die mit Aktien zu tun haben: Das Absch\u00f6pfen von Gewinnen in einem anonymen internationalen Kapitalmarkt hat bedenkliche Nachteile.)<\/li>\n<li>Ich unterst\u00fctze Organisationen, die sich f\u00fcr eine faire, soziale und friedliche Welt engagieren (gegen Neoliberalismus, gegen die \u00fcberdrehten Finanzm\u00e4rkte, gegen ausbeuterische Konzerne, gegen ein Wirtschaftssystem, das Gesundheit, Umwelt und Lebensqualit\u00e4t gef\u00e4hrdet)<\/li>\n<li>Ich beteilige mich an Projekten, die in Dialog treten mit Fl\u00fcchtlingen und Zugewanderten aus anderen Kulturen und Religionen und dazu beitragen, dass diese bei uns eine neue Heimat finden<\/li>\n<li>Ich trete ein f\u00fcr die Gleichberechtigung aller friedlicher, aufgekl\u00e4rter Religionen und m\u00f6chte mitwirken, jedes fundamentalistische gut-b\u00f6se-Denken, patriarchale Strukturen, Sexualfeindlichkeit und Angstp\u00e4dagogik aufzul\u00f6sen, sei es in Religionen oder politischen Parteien<\/li>\n<li>Ich achte auf Langlebigkeit meiner Gebrauchsg\u00fcter, nutze second-hand-Angebote, vermeide M\u00fcll, insbesondere Plastikm\u00fcll, wo immer dies gut m\u00f6glich ist<\/li>\n<li>Ich unterst\u00fctze globale Friedensprojekte UND ein gutes Miteinander von Menschen in meiner Umgebung, gestalte Beziehungen konstruktiv, vers\u00f6hnlich und liebevoll, auch dann, wenn ich mich abgrenze<\/li>\n<\/ul>\n<p>Studien belegen: Fairness und Mitgef\u00fchl (\u201eSelbstlosigkeit\u201c) machen gl\u00fccklicher und langfristig erfolgreicher als Egoismus. (siehe Stefan Klein, der Sinn des Gebens, Fischer 2011)<\/p>\n<p>Ich sehe meine Arbeit als Beitrag f\u00fcr menschliche Weiterentwicklung.<\/p>\n<ul>\n<li>in Selbstachtung und grunds\u00e4tzlicher Wertsch\u00e4tzung f\u00fcr andere<\/li>\n<li>in der Bereitschaft Beziehungen kooperativ zu gestalten<\/li>\n<li>in Zuwendung zu erf\u00fcllenden Aufgaben<\/li>\n<li>in konstruktivem Umgang mit Konflikten und Widerst\u00e4nden<\/li>\n<li>in Werthaltung f\u00fcr eine lebenswerte Welt<\/li>\n<\/ul>\n<p>Studien belegen: Fairness und Mitgef\u00fchl (&#8222;Selbstlosigkeit&#8220;) machen gl\u00fccklicher und langfristig erfolgreicher als Egoismus. (siehe Stefan Klein: der Sinn des Gebens, Fischer 2011)<\/p>\n<h3>NEUANFANG F\u00dcR DIE ZUKUNFT<\/h3>\n<p>Stell dir vor, in deinem Dorf brennt es bedrohlich, mehrere H\u00e4user am Rande des Dorfes sind bereits abgebrannt, du siehst Familien, die vor dem Feuer fl\u00fcchten. \u201eDu schreist: Feuer, helft l\u00f6schen!\u201c und h\u00f6rst:<br \/>\n\u201eSollen die anderen zuerst was tun.\u201c \u201eDer B\u00fcrgermeister muss das regeln.\u201c \u201eLass uns in Ruh mit deiner Panikmache, es hat schon \u00f6fter wo gebrannt.\u201c<br \/>\n<a href=\"https:\/\/topseminare.at\/pdf\/Neuanfang_fuer_die_Zukunft.pdf\">\u2192 weiterlesen<\/a><\/p>\n<h3>\u00d6KO-Sozialer Systemwechsel<\/h3>\n<p>Zusammengestellt von Paul Lahninger 2020-01-07 <strong>\u00a0<\/strong><\/p>\n<p>Um die Welt lebenswert zu erhalten, brauchen wir eine radikale Ver\u00e4nderung unseres Wirtschaftssystems. Wir m\u00fcssen dringend Wege finden, LEBENSQUALIT\u00c4T anstatt das Bruttosozialprodukt zu vermehren. Der Klima-Notstand erfordert eine sofortige, entschiedene Wende, die zugleich eine besondere Chance f\u00fcr soziale Gerechtigkeit und ein menschlichere Welt darstellt. Diese Wende gelingt indem wir:<br \/>\n<a href=\"https:\/\/topseminare.at\/pdf\/Oeko-sozSYSTEMWECHSEL.pdf\">\u2192 weiterlesen<\/a><\/p>\n<h3>Aufbruch im globalen System der Megamaschine<\/h3>\n<p>Ausz\u00fcge aus Fabian Scheidler, das Ende der Megamaschine, Geschichte einer scheiternden Zivilisation, Wien 2015<\/p>\n<p>\u201eDas Wesen des bestehenden Systems der Weltwirtschaft besteht darin, dass eine relativ kleine Gruppe von Menschen ihren enormen Reichtum unendlich zu vermehren versucht\u2026\u201c<br \/>\n<a href=\"https:\/\/topseminare.at\/pdf\/AUFBRUCH IM GLOBALEN SYSTEM DER MEGAMASCHINE.pdf\">\u2192 weiterlesen<\/a><\/p>\n<h3>Das pers\u00f6nliche Kioto-Ziel<\/h3>\n<p><strong>5.000 km Autofahren pro Jahr, in sanftem Fahrstil sind \u00f6kologisch vertr\u00e4glich.<\/strong><\/p>\n<p>Aktuelle Fakten zu \u00f6kologisch vertr\u00e4glicher Mobilit\u00e4t: <a href=\"http:\/\/www.vcoe.at\" target=\"_blank\" rel=\"noopener noreferrer\">www.vcoe.at<\/a><\/p>\n<p>Leben (fast) ohne Auto &#8211;<a href=\"https:\/\/www.topseminare.at\/pdf\/ohne_auto.pdf\" target=\"_blank\" rel=\"noopener noreferrer\"> SN-Artikel<\/a><\/p>\n<p><strong>Bis 2.000 km pro Jahr Fliegen<\/strong><\/p>\n<p>Beim Flugzeug liegt der CO2 Aussto\u00df pro Person und Kilometer in der Gr\u00f6\u00dfenordnung eines PKWs. Eine Flug-Fernreise ist bei sonstig sparsamen Konsum alle 5 Jarhe in einem fairen CO2 Kontingent m\u00f6glich.<\/p>\n<p>Reisen mit Zug und Schiff ist ca. 60-mal weniger Umwelt belastend als per PKW und Flugzeug.<\/p>\n<p><strong>Fleischkonsum maximal 2-mal pro Woche<\/strong><\/p>\n<p>Tierhaltung verbraucht etwa die 20-fache Anbaufl\u00e4che und Energie von Getreideproduktion &#8211; neben der Biosprit-Produktion ist dies ein wesentlicher Mitgrund f\u00fcr Hungersn\u00f6te. Rinderhaltung verursacht ca. 20 % der weltweiten Emissionen!<\/p>\n<p><strong>Wohl kalkuliert heizen und bewusst konsumieren<\/strong><\/p>\n<p>Gro\u00dfe Einsparungen sind m\u00f6glich, wenn wir den Verbrauch von Papier und Verpackung minimieren und den Konsum weit transportierter G\u00fcter einschr\u00e4nken, also regionale Nahversorgung nutzen, Energiefresser wie W\u00e4schetrockner oder k\u00fcnstlich beschneite Schi-Pisten vermeiden, sowie mit allem was Energie braucht, z.B. Personenaufz\u00fcgen, und Heizung bewusst sparsam umgehen.<\/p>\n<p><strong>Ein verantwortungsbewusster Lebensstil macht einige 1000 Euro j\u00e4hrlich frei.<\/strong><\/p>\n<p>Dies wird auch Gesundheit und Lebensqualit\u00e4t f\u00f6rdern. Zugleich ist der Beitrag jeder einzelnen Person wertvoll f\u00fcr das Gelingen des Ganzen: Fairness und Lebensqualit\u00e4t auf dieser Erde.<\/p>\n<h3>Schritte zu einer \u00f6kologischen Stadt:<br \/>\nCity-Maut willkommen!<\/h3>\n<p>In dieser Stadt werden praktisch keine Verbrennungsmotoren mehr verwendet, jede Stra\u00dfe ist Lebensraum, es gibt kaum noch Verkehrs-Unf\u00e4lle. Preiswerte und kleine E-Mobil-Taxis sowie Taxi-Rund-Busse erg\u00e4nzen gut ausgebaute \u00d6ffis. Die Menschen haben gelernt, Kurzstrecken zu Fu\u00df und per Rad zu bew\u00e4ltigen (das ist etwa die H\u00e4lfte aller Fahrten!) und genie\u00dfen die regelm\u00e4\u00dfige Bewegung in bester Luftqualit\u00e4t, Fahrrad-Zustelldienste nach jedem Einkauf geh\u00f6ren zum selbstverst\u00e4ndlichen Angebot. An jeder Stra\u00dfenecke stehen E-Mofas und E-Mobile als Carsharing zur Verf\u00fcgung, der Gro\u00dfteil der Parkpl\u00e4tze ist in Gr\u00fcnfl\u00e4chen umgewidmet, kaum jemand in der Stadt besitzt noch in eigenes Auto. (Derzeit werden je Auto in \u00d6sterreich durchschnittlich mehr als \u20ac 400,&#8211; pro Monat ausgegeben, eine Jahresnetzkarte der \u00d6BB kostet hingegen nur \u20ac 140,&#8211; im Monat!) Eine gewaltige Menge an Geld wird frei f\u00fcr Dienstleistungen, lokales Wirtschaftswachstum &#8230; (anstatt umweltsch\u00e4digend verbrannt und verschrottet zu werden). Kleine Nahversorger-L\u00e4den sind wieder rentabel, die Stadt ist gesund, ruhig, stress- und nat\u00fcrlich staufrei.<\/p>\n<p>Und solche, die trotz allem noch mit eigenem Auto in der Stadt fahren wollen, zahlen je Fahrt eine CITYMAUT, die h\u00f6her ist, als die Kosten einer entsprechenden Taxifahrt mit E-Mobil.<\/p>\n<p>Die Umsetzung dieser Vision gelingt durch Menschen, die von sich aus auf Autos (und auf andere Verbrennungsmotoren) verzichten. Zugleich braucht es mutige Politik. Jeder Schritt in diese Richtung ist willkommen!<\/p>\n<p><strong>BEIDES<\/strong><br \/>\nAus: Paul Lahninger, unterwegs notiert, Salzburg 2016, Seite 7<\/p>\n<p>Beides:<br \/>\nGl\u00fccklich sein<br \/>\nUnd<br \/>\nMitf\u00fchlend mit Leid und Wahnsinn der Menschen.<\/p>\n<p>Beides:<br \/>\nGelassen annehmen<br \/>\nUnd<br \/>\nMich mit vollem Einsatz engagieren.<\/p>\n<p>Beides:<br \/>\nso sein wie ich bin<br \/>\nUnd<br \/>\nMich entfalten zugleich.<\/p>\n<p>Das eine<br \/>\nUnd<br \/>\nDas andere:<\/p>\n<p><strong>Beides.<\/strong><\/p>\n<p>&nbsp;<\/p>\n<p><strong>Web-Tipps und weitere Texte:<\/strong><\/p>\n<p>Futurzwei &#8211; Stiftung Zukunftsf\u00e4higkeit:\u00a0<a href=\"http:\/\/www.futurzwei.org\" target=\"_blank\" rel=\"noopener noreferrer\">www.futurzwei.org<\/a><\/p>\n<p>Fridays for future Austria:\u00a0<a href=\"https:\/\/fridaysforfuture.at\/\">www.fridaysforfuture.at<\/a><\/p>\n<p>Selbstpr\u00fcfung des \u00f6kologischen Lebensstils: <a href=\"http:\/\/www.footprint.at\" target=\"_blank\" rel=\"noopener noreferrer\">www.footprint.at<\/a><\/p>\n<p>Demokratische Kontrolle der Finanzm\u00e4rkte: <a href=\"http:\/\/www.attac.at\" target=\"_blank\" rel=\"noopener noreferrer\">www.attac.at<\/a><\/p>\n<p>Amnesty International: <a href=\"http:\/\/www.amnesty.at\" target=\"_blank\" rel=\"noopener noreferrer\">www.amnesty.at<\/a><\/p>\n<p>Gesellschaft f\u00fcr bedrohte V\u00f6lker: <a href=\"http:\/\/www.gfbv.at\" target=\"_blank\" rel=\"noopener noreferrer\">www.gfbv.at<\/a><\/p>\n<p>Global 2000: <a href=\"http:\/\/www.global2000.at\" target=\"_blank\" rel=\"noopener noreferrer\">www.global2000.at<\/a><\/p>\n<p>fair trade: <a href=\"http:\/\/www.fairtrade.at\" target=\"_blank\" rel=\"noopener noreferrer\">www.fairtrade.at<\/a><\/p>\n<p>atmosfair: <a href=\"http:\/\/www.atmosfair.de\" target=\"_blank\" rel=\"noopener noreferrer\">www.atmosfair.de<\/a><\/p>\n<p>Greenpeace: <a href=\"http:\/\/www.greenpeace.at\" target=\"_blank\" rel=\"noopener noreferrer\">www.greenpeace.at<\/a><\/p>\n<p>\u00d6kostrom: <a href=\"http:\/\/www.oekostrom.at\" target=\"_blank\" rel=\"noopener noreferrer\">www.oekostrom.at<\/a><\/p>\n<p>World Wild Life Fund: <a href=\"http:\/\/www.worldwildlife.org\" target=\"_blank\" rel=\"noopener noreferrer\">www.worldwildlife.org<\/a><\/p>\n<p>Unicef: <a href=\"http:\/\/www.unicef.at\" target=\"_blank\" rel=\"noopener noreferrer\">www.unicef.at<\/a><\/p>\n<p>Entwicklung in \u00dcbersee: <a href=\"http:\/\/www.horizont3000.at\" target=\"_blank\" rel=\"noopener noreferrer\">www.horizont3000.at<\/a><\/p>\n<p><a href=\"http:\/\/www.globalmarshallplan.org\" target=\"_blank\" rel=\"noopener noreferrer\">www.globalmarshallplan.org<\/a><\/p>\n<p>SU: <a href=\"https:\/\/www.topseminare.at\/pl\/gluecksgefuehl\">Gl\u00fccksgef\u00fchl von Erf\u00fcllung unterscheiden<\/a><\/p>\n<p><a href=\"https:\/\/oe1.orf.at\/zukunft\">https:\/\/oe1.orf.at\/zukunft<\/a><\/p>\n<p><a href=\"https:\/\/topseminare.at\/pdf\/2020-01-23-Neuanfang-SN.jpg\">SN-Artikel (Leserbrief)<\/a><\/p>\n","protected":false},"excerpt":{"rendered":"<p>Everyday for FUTURE &nbsp; Text zum Lied als pdf. Anregungen f\u00fcr ein \u00f6kologisch vertr\u00e4gliches Leben, auch im Sinne meines Engagements bei fridays for FUTURE. BEHARRLICH ZUVERSICHTLICH Paul Lahninger Ich lass mir die Hoffnung nicht nehmen auf eine bessere Welt. Ich lass mich von niemandem l\u00e4hmen, dem die Kraft zur Verantwortung\u2026<\/p>\n<p> <a class=\"continue-reading-link\" href=\"https:\/\/www.topseminare.at\/pl\/everyday-for-future\/\"><span>weiterlesen<\/span><i class=\"crycon-right-dir\"><\/i><\/a> <\/p>\n","protected":false},"author":1,"featured_media":0,"parent":0,"menu_order":0,"comment_status":"closed","ping_status":"closed","template":"","meta":{"footnotes":""},"class_list":["post-1848","page","type-page","status-publish","hentry"],"aioseo_notices":[],"_links":{"self":[{"href":"https:\/\/www.topseminare.at\/pl\/wp-json\/wp\/v2\/pages\/1848","targetHints":{"allow":["GET"]}}],"collection":[{"href":"https:\/\/www.topseminare.at\/pl\/wp-json\/wp\/v2\/pages"}],"about":[{"href":"https:\/\/www.topseminare.at\/pl\/wp-json\/wp\/v2\/types\/page"}],"author":[{"embeddable":true,"href":"https:\/\/www.topseminare.at\/pl\/wp-json\/wp\/v2\/users\/1"}],"replies":[{"embeddable":true,"href":"https:\/\/www.topseminare.at\/pl\/wp-json\/wp\/v2\/comments?post=1848"}],"version-history":[{"count":17,"href":"https:\/\/www.topseminare.at\/pl\/wp-json\/wp\/v2\/pages\/1848\/revisions"}],"predecessor-version":[{"id":2529,"href":"https:\/\/www.topseminare.at\/pl\/wp-json\/wp\/v2\/pages\/1848\/revisions\/2529"}],"wp:attachment":[{"href":"https:\/\/www.topseminare.at\/pl\/wp-json\/wp\/v2\/media?parent=1848"}],"curies":[{"name":"wp","href":"https:\/\/api.w.org\/{rel}","templated":true}]}}