{"id":171,"date":"2016-05-10T10:55:15","date_gmt":"2016-05-10T08:55:15","guid":{"rendered":"http:\/\/www.topseminare.at\/wordpress\/?page_id=171"},"modified":"2026-02-03T16:26:21","modified_gmt":"2026-02-03T15:26:21","slug":"training-coaching-widerstand","status":"publish","type":"page","link":"https:\/\/www.topseminare.at\/pl\/","title":{"rendered":"Beratung, F\u00fchrung, Training, Pers\u00f6nlichkeitsentwicklung, Coaching, Widerstand"},"content":{"rendered":"<p>&nbsp;<\/p>\n<div class=\"su-row\"><div class=\"su-column su-column-size-2-3\"><div class=\"su-column-inner su-u-clearfix su-u-trim\">\n<h1>Paul Lahninger<\/h1>\n<p>&nbsp;<\/p>\n<h3 style=\"color: #ffffff; padding: 5px; background: #3c775d; display: inline;\">Psychotherapie und Coaching<\/h3>\n<p><span style=\"color: #3c775d;\">f\u00fcr mehr Lebensqualit\u00e4t und wohltuende Pers\u00f6nlichkeitsentwicklung<\/span><\/p>\n<p><strong>Verl\u00e4ssliche Unterst\u00fctzung f\u00fcr konstruktiver L\u00f6sungen<\/strong><\/p>\n<p>Paul Lahninger entwickelte ein spezielles Methoden-Set, das sich ausgezeichnet bew\u00e4hrt, um Zuversicht zu gewinnen und Herausforderungen zu bew\u00e4ltigen.<strong>\u00a0<\/strong><\/p>\n<\/div><\/div>\n<div class=\"su-column su-column-size-1-3\"><div class=\"su-column-inner su-u-clearfix su-u-trim\">\n<h6><img loading=\"lazy\" decoding=\"async\" class=\"aligncenter wp-image-91 size-full\" src=\"https:\/\/www.topseminare.at\/pl\/wp-content\/uploads\/2016\/04\/paul_lahninger_1.jpg\" alt=\"\" width=\"200\" height=\"303\" srcset=\"https:\/\/www.topseminare.at\/pl\/wp-content\/uploads\/2016\/04\/paul_lahninger_1.jpg 200w, https:\/\/www.topseminare.at\/pl\/wp-content\/uploads\/2016\/04\/paul_lahninger_1-198x300.jpg 198w\" sizes=\"auto, (max-width: 200px) 100vw, 200px\" \/><\/h6>\n<\/div><\/div><\/div>\n<p><strong>\u00a0<\/strong><\/p>\n<div class=\"su-row\"><div class=\"su-column su-column-size-1-2 borderbox\"><div class=\"su-column-inner su-u-clearfix su-u-trim\">\n<p><strong>Coaching (\u201eLebens- und Sozialberatung\u201c)<\/strong> <strong>ist hilfreich<\/strong><\/p>\n<p>&#8230; um Ziele in Eigenverantwortung zu erreichen, sei es sportlicher zu sein, bewusst und ma\u00dfvoll zu essen, Beziehungen zu verbessern, Selbstsicherheit zu st\u00e4rken, Entscheidungen zu treffen, Stress los zu lassen, Konflikte zu l\u00f6sen, Kinder zu f\u00f6rdern oder ihnen Grenzen zu setzen.<\/p>\n<\/div><\/div>\n<div class=\"su-column su-column-size-1-2 borderbox\"><div class=\"su-column-inner su-u-clearfix su-u-trim\">\n<p><strong>Psychotherapie (\u201egestalt-systemisch\u201c) begleitet Sie<\/strong><\/p>\n<p>&#8230; seelische Verletzungen (\u201eTraumata\u201c) zu heilen, sich mit der eigenen Lebensgeschichte zu vers\u00f6hnen, oder um \u00c4ngste, Aggressionen und einschr\u00e4nkende Pr\u00e4gungen zu entlasten.<\/p>\n<\/div><\/div><\/div>\n<p>&nbsp;<\/p>\n<p><strong>Praxis 5020 Salzburg, S\u00fc\u00dfmayerstra\u00dfe 20, +43-662-824 777 <\/strong><\/p>\n<p>Psychotherapie ist mehrwertsteuerfrei und wird nach \u00dcberweisung durch einen Arzt von der Gesundheitskasse finanziell unterst\u00fctzt. Coaching kann als Supervision steuerlich abgeschrieben werden und wird mit Mwst. verrechnet. Das Honorar bitte am Ende jeder Einheit Bar bezahlen. Zum Kennenlernen: Die erste Einheit kann nach 30 Minuten kostenfrei beendet werden.<\/p>\n<p>&nbsp;<\/p>\n<a href=\"https:\/\/www.topseminare.at\/pl\/top-ethik\/\" class=\"su-button su-button-style-flat\" style=\"color:#FFFFFF;background-color:#3c775d;border-color:#30604b;border-radius:11px\" target=\"_self\"><span style=\"color:#FFFFFF;padding:9px 28px;font-size:21px;line-height:32px;border-color:#77a08e;border-radius:11px;text-shadow:none\"><i class=\"sui sui-arrow-right\" style=\"font-size:21px;color:#FFFFFF\"><\/i> Weiter zu &#8222;Die Haltung&#8220;<\/span><\/a>\n","protected":false},"excerpt":{"rendered":"<p>&nbsp; \u00a0 &nbsp; Praxis 5020 Salzburg, S\u00fc\u00dfmayerstra\u00dfe 20, +43-662-824 777 Psychotherapie ist mehrwertsteuerfrei und wird nach \u00dcberweisung durch einen Arzt von der Gesundheitskasse finanziell unterst\u00fctzt. Coaching kann als Supervision steuerlich abgeschrieben werden und wird mit Mwst. verrechnet. Das Honorar bitte am Ende jeder Einheit Bar bezahlen. Zum Kennenlernen: Die erste\u2026<\/p>\n<p> <a class=\"continue-reading-link\" href=\"https:\/\/www.topseminare.at\/pl\/\"><span>weiterlesen<\/span><i class=\"crycon-right-dir\"><\/i><\/a> <\/p>\n","protected":false},"author":1,"featured_media":0,"parent":0,"menu_order":0,"comment_status":"closed","ping_status":"closed","template":"","meta":{"footnotes":""},"class_list":["post-171","page","type-page","status-publish","hentry"],"aioseo_notices":[],"_links":{"self":[{"href":"https:\/\/www.topseminare.at\/pl\/wp-json\/wp\/v2\/pages\/171","targetHints":{"allow":["GET"]}}],"collection":[{"href":"https:\/\/www.topseminare.at\/pl\/wp-json\/wp\/v2\/pages"}],"about":[{"href":"https:\/\/www.topseminare.at\/pl\/wp-json\/wp\/v2\/types\/page"}],"author":[{"embeddable":true,"href":"https:\/\/www.topseminare.at\/pl\/wp-json\/wp\/v2\/users\/1"}],"replies":[{"embeddable":true,"href":"https:\/\/www.topseminare.at\/pl\/wp-json\/wp\/v2\/comments?post=171"}],"version-history":[{"count":295,"href":"https:\/\/www.topseminare.at\/pl\/wp-json\/wp\/v2\/pages\/171\/revisions"}],"predecessor-version":[{"id":2686,"href":"https:\/\/www.topseminare.at\/pl\/wp-json\/wp\/v2\/pages\/171\/revisions\/2686"}],"wp:attachment":[{"href":"https:\/\/www.topseminare.at\/pl\/wp-json\/wp\/v2\/media?parent=171"}],"curies":[{"name":"wp","href":"https:\/\/api.w.org\/{rel}","templated":true}]}}