{"id":1051,"date":"2017-06-07T09:05:10","date_gmt":"2017-06-07T07:05:10","guid":{"rendered":"http:\/\/www.topseminare.at\/pl\/?page_id=1051"},"modified":"2026-02-12T11:02:00","modified_gmt":"2026-02-12T10:02:00","slug":"lernen-als-weg-zum-glueck","status":"publish","type":"page","link":"https:\/\/www.topseminare.at\/pl\/lernen-als-weg-zum-glueck\/","title":{"rendered":"Lernen als Weg zum Gl\u00fcck"},"content":{"rendered":"<h2>Lernen als Weg zum Gl\u00fcck<\/h2>\n<h6>Paul Lahninger, nach Manfred Spitzer, u.a. in Hirnforschung f\u00fcr Neu(ro)gierige, Stuttgart 2013<\/h6>\n<p>&nbsp;<\/p>\n<p><strong>Das Gehirn will lernen &#8211; Lernen als Weg zum Gl\u00fcck<br \/>\n<\/strong>Aktuelle Ergebnisse der Gehirnforschung betonen, dass Menschen grunds\u00e4tzlich lernende Wesen sind, das Gehirn an sich tut nichts lieber als lernen, es formt sich gewisserma\u00dfen st\u00e4ndig selbst, es ist das Ergebnis seiner Benutzung.<br \/>\nEntscheidend ist, wie wir uns selbst steuern, womit wir uns t\u00e4glich befassen, sozusagen unser Gehirn f\u00fcttern. Das Training ist der wesentlichste Faktor f\u00fcr geistige Fitness!<br \/>\nUnd: Was wir rasch anwenden und praktisch umsetzen, wird wesentlich besser vernetzt.<br \/>\nNat\u00fcrliches Lernen ist ein Lusterlebnis: k\u00f6rpereigene Opiate werden ausgesch\u00fcttet.<br \/>\nAngst und Stress steuern lediglich (unbewusstes) VERMEIDUNGSVERHALTEN.<\/p>\n<p><strong>Ein volles Gehirn kann mehr aufnehmen<br \/>\n<\/strong>Gehirn ist eine paradoxe Gr\u00f6\u00dfe: Je mehr drinnen ist, umso mehr Neues k\u00f6nnen wir aufnehmen! Im Laufe des Lebens verlangsamt sich das Lernen von Neuem und das Gehirn arbeitet dann vor allem an Feinabstimmung, Perfektionierung und stellt Zusammenh\u00e4nge her.<br \/>\nJe mehr wir k\u00f6nnen, umso schneller lernen wir, umso offener sind wir f\u00fcr Neues. Dies gilt f\u00fcr praktisch jede Lernform, f\u00fcr Sprachlernen, Fachkompetenz, Verhaltens\u00e4nderung in Kommunikation, Konfliktf\u00e4higkeit, z.T. auch f\u00fcr das Lernen im Sport.<\/p>\n<p><strong>Je aktiver und gezielter, umso leichter<br \/>\n<\/strong>Je h\u00f6her die geistige Aktivit\u00e4t, umso mehr wird gelernt! Beim Googeln lernen wir weniger als beim Nachschlagen in B\u00fcchern! Und: Je neugieriger wir dabei sind, umso besser wird gelernt!<br \/>\nAuch k\u00f6rperliche Bewegung vor und w\u00e4hrend des Lernens bedeutet erh\u00f6hte Gehirnt\u00e4tigkeit und damit meist besseres \/ leichteres Lernen.<\/p>\n<p>Vergessen ist eine der St\u00e4rken des Gehirns! Es arbeitet rationell, sucht nach Brauchbarem, Verkn\u00fcpfungen im Gehirn, die nicht genutzt werden, werden abgebaut. Nur Zusammenh\u00e4ngendes, Umsetzbares, Aktiv gestaltetes, oder stark Emotionales wird dauerhaft gemerkt.<br \/>\nMechanisches Pauken kurz vor einer Pr\u00fcfung ist wenig effektiv, zum Teil sogar kontraproduktiv f\u00fcr Verst\u00e4ndnis und individuelles Auseinandersetzen.<br \/>\nEntdeckendes, interessiertes Lernen aktiviert Gl\u00fcckshormone: die Evolution hat uns mit einem intelligenten Selbst-Belohungs-System ausgestattet (dies kann jedoch &#8222;versch\u00fcttet&#8220; oder missbraucht werden).<br \/>\nWesentlich f\u00fcr Nachhaltigkeit beim Lernen: Immer auch das Abfragen und Wiederholen, was Monate zuvor gelernt wurde!<\/p>\n<p>\u00a9 Paul Lahninger, Salzburg, 2017-06-07 www.TOPSEMINARE.at, <a href=\"http:\/\/www.AGB-Seminare.at\" target=\"_blank\" rel=\"noopener noreferrer\">www.AGB-Seminare.at<\/a><\/p>\n","protected":false},"excerpt":{"rendered":"<p>Lernen als Weg zum Gl\u00fcck Paul Lahninger, nach Manfred Spitzer, u.a. in Hirnforschung f\u00fcr Neu(ro)gierige, Stuttgart 2013 &nbsp; Das Gehirn will lernen &#8211; Lernen als Weg zum Gl\u00fcck Aktuelle Ergebnisse der Gehirnforschung betonen, dass Menschen grunds\u00e4tzlich lernende Wesen sind, das Gehirn an sich tut nichts lieber als lernen, es formt\u2026<\/p>\n<p> <a class=\"continue-reading-link\" href=\"https:\/\/www.topseminare.at\/pl\/lernen-als-weg-zum-glueck\/\"><span>weiterlesen<\/span><i class=\"crycon-right-dir\"><\/i><\/a> <\/p>\n","protected":false},"author":1,"featured_media":0,"parent":0,"menu_order":0,"comment_status":"closed","ping_status":"closed","template":"","meta":{"footnotes":""},"class_list":["post-1051","page","type-page","status-publish","hentry"],"aioseo_notices":[],"_links":{"self":[{"href":"https:\/\/www.topseminare.at\/pl\/wp-json\/wp\/v2\/pages\/1051","targetHints":{"allow":["GET"]}}],"collection":[{"href":"https:\/\/www.topseminare.at\/pl\/wp-json\/wp\/v2\/pages"}],"about":[{"href":"https:\/\/www.topseminare.at\/pl\/wp-json\/wp\/v2\/types\/page"}],"author":[{"embeddable":true,"href":"https:\/\/www.topseminare.at\/pl\/wp-json\/wp\/v2\/users\/1"}],"replies":[{"embeddable":true,"href":"https:\/\/www.topseminare.at\/pl\/wp-json\/wp\/v2\/comments?post=1051"}],"version-history":[{"count":8,"href":"https:\/\/www.topseminare.at\/pl\/wp-json\/wp\/v2\/pages\/1051\/revisions"}],"predecessor-version":[{"id":2706,"href":"https:\/\/www.topseminare.at\/pl\/wp-json\/wp\/v2\/pages\/1051\/revisions\/2706"}],"wp:attachment":[{"href":"https:\/\/www.topseminare.at\/pl\/wp-json\/wp\/v2\/media?parent=1051"}],"curies":[{"name":"wp","href":"https:\/\/api.w.org\/{rel}","templated":true}]}}